{"id":1416,"date":"2020-05-13T00:54:40","date_gmt":"2020-05-12T22:54:40","guid":{"rendered":"http:\/\/dwaserca.eu\/?page_id=1416"},"modified":"2020-05-22T12:42:54","modified_gmt":"2020-05-22T10:42:54","slug":"najswietsze-serce","status":"publish","type":"page","link":"https:\/\/dwaserca.eu\/?page_id=1416","title":{"rendered":"NAJ\u015aWI\u0118TSZE SERCE"},"content":{"rendered":"\t\t<div data-elementor-type=\"wp-page\" data-elementor-id=\"1416\" class=\"elementor elementor-1416\">\n\t\t\t\t\t\t<div class=\"elementor-inner\">\n\t\t\t\t<div class=\"elementor-section-wrap\">\n\t\t\t\t\t\t\t\t\t<section class=\"elementor-section elementor-top-section elementor-element elementor-element-0207f74 elementor-section-boxed elementor-section-height-default elementor-section-height-default\" data-id=\"0207f74\" data-element_type=\"section\" data-settings=\"{&quot;background_background&quot;:&quot;classic&quot;}\">\n\t\t\t\t\t\t<div class=\"elementor-container elementor-column-gap-default\">\n\t\t\t\t\t\t\t<div class=\"elementor-row\">\n\t\t\t\t\t<div class=\"elementor-column elementor-col-100 elementor-top-column elementor-element elementor-element-6e2de97\" data-id=\"6e2de97\" data-element_type=\"column\">\n\t\t\t<div class=\"elementor-column-wrap elementor-element-populated\">\n\t\t\t\t\t\t\t<div class=\"elementor-widget-wrap\">\n\t\t\t\t\t\t<div class=\"elementor-element elementor-element-33319ab elementor-widget elementor-widget-spacer\" data-id=\"33319ab\" data-element_type=\"widget\" data-widget_type=\"spacer.default\">\n\t\t\t\t<div class=\"elementor-widget-container\">\n\t\t\t\t\t<div class=\"elementor-spacer\">\n\t\t\t<div class=\"elementor-spacer-inner\"><\/div>\n\t\t<\/div>\n\t\t\t\t<\/div>\n\t\t\t\t<\/div>\n\t\t\t\t<div class=\"elementor-element elementor-element-7ac9fea elementor-invisible elementor-widget elementor-widget-heading\" data-id=\"7ac9fea\" data-element_type=\"widget\" data-settings=\"{&quot;_animation&quot;:&quot;pulse&quot;,&quot;_animation_mobile&quot;:&quot;pulse&quot;}\" data-widget_type=\"heading.default\">\n\t\t\t\t<div class=\"elementor-widget-container\">\n\t\t\t<h2 class=\"elementor-heading-title elementor-size-default\">Naj\u015bwi\u0119tsze Serce<\/h2>\t\t<\/div>\n\t\t\t\t<\/div>\n\t\t\t\t\t\t<\/div>\n\t\t\t\t\t<\/div>\n\t\t<\/div>\n\t\t\t\t\t\t\t\t<\/div>\n\t\t\t\t\t<\/div>\n\t\t<\/section>\n\t\t\t\t<section class=\"elementor-section elementor-top-section elementor-element elementor-element-4abe3ce elementor-section-boxed elementor-section-height-default elementor-section-height-default\" data-id=\"4abe3ce\" data-element_type=\"section\" data-settings=\"{&quot;background_background&quot;:&quot;classic&quot;}\">\n\t\t\t\t\t\t<div class=\"elementor-container elementor-column-gap-default\">\n\t\t\t\t\t\t\t<div class=\"elementor-row\">\n\t\t\t\t\t<div class=\"elementor-column elementor-col-50 elementor-top-column elementor-element elementor-element-fb14d3b\" data-id=\"fb14d3b\" data-element_type=\"column\">\n\t\t\t<div class=\"elementor-column-wrap elementor-element-populated\">\n\t\t\t\t\t\t\t<div class=\"elementor-widget-wrap\">\n\t\t\t\t\t\t<div class=\"elementor-element elementor-element-1bbf60d elementor-invisible elementor-widget elementor-widget-image\" data-id=\"1bbf60d\" data-element_type=\"widget\" data-settings=\"{&quot;_animation&quot;:&quot;fadeInUp&quot;,&quot;_animation_mobile&quot;:&quot;pulse&quot;}\" data-widget_type=\"image.default\">\n\t\t\t\t<div class=\"elementor-widget-container\">\n\t\t\t\t\t\t\t\t<div class=\"elementor-image\">\n\t\t\t\t\t\t\t\t\t\t\t\t<img decoding=\"async\" width=\"724\" height=\"1024\" src=\"https:\/\/dwaserca.eu\/wp-content\/uploads\/2020\/05\/najswietsze-serce-plakat_-724x1024.jpg\" class=\"attachment-large size-large wp-image-1842\" alt=\"naj\u015bwi\u0119tsze serce film\" loading=\"lazy\" srcset=\"https:\/\/dwaserca.eu\/wp-content\/uploads\/2020\/05\/najswietsze-serce-plakat_-724x1024.jpg 724w, https:\/\/dwaserca.eu\/wp-content\/uploads\/2020\/05\/najswietsze-serce-plakat_-212x300.jpg 212w, https:\/\/dwaserca.eu\/wp-content\/uploads\/2020\/05\/najswietsze-serce-plakat_-768x1086.jpg 768w, https:\/\/dwaserca.eu\/wp-content\/uploads\/2020\/05\/najswietsze-serce-plakat_-600x849.jpg 600w, https:\/\/dwaserca.eu\/wp-content\/uploads\/2020\/05\/najswietsze-serce-plakat_.jpg 905w\" sizes=\"(max-width: 724px) 100vw, 724px\" \/>\t\t\t\t\t\t\t\t\t\t\t\t\t\t<\/div>\n\t\t\t\t\t\t<\/div>\n\t\t\t\t<\/div>\n\t\t\t\t\t\t<\/div>\n\t\t\t\t\t<\/div>\n\t\t<\/div>\n\t\t\t\t<div class=\"elementor-column elementor-col-50 elementor-top-column elementor-element elementor-element-896c3e7\" data-id=\"896c3e7\" data-element_type=\"column\">\n\t\t\t<div class=\"elementor-column-wrap elementor-element-populated\">\n\t\t\t\t\t\t\t<div class=\"elementor-widget-wrap\">\n\t\t\t\t\t\t<div class=\"elementor-element elementor-element-373ef54 elementor-widget elementor-widget-text-editor\" data-id=\"373ef54\" data-element_type=\"widget\" data-widget_type=\"text-editor.default\">\n\t\t\t\t<div class=\"elementor-widget-container\">\n\t\t\t\t\t\t\t\t<div class=\"elementor-text-editor elementor-clearfix\">\n\t\t\t\t<p><strong>Znana pisarka Lupe Valdes poszukuje inspiracji do ksi\u0105\u017cki i natrafia na tajemnicz\u0105 histori\u0119 sprzed lat. Wyrusza do Francji, miejsca tajemniczych objawie\u0144, gdzie w szklanej trumnie spoczywa nietkni\u0119te przez czas cia\u0142o wizjonerki, \u015bw. Ma\u0142gorzaty Alacoque. 300 lat temu Jezus objawi\u0142 jej swoje\u2026 Serce i przekaza\u0142 12 obietnic dla ludzi, kt\u00f3rzy b\u0119d\u0105 Je czci\u0107.<\/strong><\/p><p>Pisarka ulega fascynacji t\u0105 histori\u0105 i podejmuje prywatne \u015bledztwo. W jego trakcie spotyka \u015bwi\u0119tych, papie\u017cy, ale i spiskowc\u00f3w, odkrywa cuda, a tak\u017ce zbrodnie. Wraz z bohaterk\u0105 widz poznaje \u017ar\u00f3d\u0142a i histori\u0119 czci Naj\u015bwi\u0119tszego Serca Jezusa \u2013 kultu, kt\u00f3ry jak nic innego naznaczy\u0142 ostatnie trzy wieki historii Ko\u015bcio\u0142a. Przebywa drog\u0119 od ma\u0142ej francuskiej miejscowo\u015bci, w kt\u00f3rej zap\u0142on\u0119\u0142a iskra kultu, przez Watykan, gdzie papie\u017c po\u015bwi\u0119ca ca\u0142\u0105 ludzko\u015b\u0107 i \u015bwiat Naj\u015bwi\u0119tszemu Sercu, po \u0141agiewniki, gdzie Jezus objawi\u0142, jak wielk\u0105 mi\u0142o\u015bci\u0105 przepe\u0142nione jest Jego Serce. Dociera wreszcie do miejsc cud\u00f3w eucharystycznych. To tam na Hostii zmaterializowa\u0142y si\u0119 cz\u0105stki Naj\u015bwi\u0119tszego Serca.<\/p><p>Intryguj\u0105cy film fabularno-dokumentalny odkrywa przed widzem sedno kultu, bez kt\u00f3rego zrozumienie istoty wiary w Chrystusa staje si\u0119 niemo\u017cliwe.<\/p>\t\t\t\t\t<\/div>\n\t\t\t\t\t\t<\/div>\n\t\t\t\t<\/div>\n\t\t\t\t<div class=\"elementor-element elementor-element-17a351d elementor-invisible elementor-widget elementor-widget-heading\" data-id=\"17a351d\" data-element_type=\"widget\" data-settings=\"{&quot;_animation&quot;:&quot;pulse&quot;,&quot;_animation_mobile&quot;:&quot;pulse&quot;}\" data-widget_type=\"heading.default\">\n\t\t\t\t<div class=\"elementor-widget-container\">\n\t\t\t<h2 class=\"elementor-heading-title elementor-size-default\">ROCZNICE ZWI\u0104ZANE Z KULTEM NAJ\u015aWI\u0118TSZEGO SERCA JEZUSOWEGO<\/h2>\t\t<\/div>\n\t\t\t\t<\/div>\n\t\t\t\t<div class=\"elementor-element elementor-element-fa66a77 elementor-widget elementor-widget-text-editor\" data-id=\"fa66a77\" data-element_type=\"widget\" data-widget_type=\"text-editor.default\">\n\t\t\t\t<div class=\"elementor-widget-container\">\n\t\t\t\t\t\t\t\t<div class=\"elementor-text-editor elementor-clearfix\">\n\t\t\t\t<p>Film trafia do kin w szczeg\u00f3lnym okresie. W tym roku przypada 100. rocznica kanonizacji \u015bw. Ma\u0142gorzaty Marii Alacoque oraz 100. rocznica zawierzenia los\u00f3w naszej ojczyzny Naj\u015bwi\u0119tszemu Sercu Pana Jezusa. Mia\u0142o to miejsce 27 lipca 1920 roku na Jasnej G\u00f3rze w czasie, gdy bolszewicy stali u bram Warszawy. W zwi\u0105zku z tym aktem oddania papie\u017c Benedykt XV przys\u0142a\u0142 list, w kt\u00f3rym napisa\u0142: \u201eNic stosowniejszego nie mogli\u015bcie podj\u0105\u0107 celem naprawienia z\u0142a naszych czas\u00f3w, jak ulegaj\u0105c zach\u0119tom papieskim ojczyzn\u0119 Wasz\u0105 po\u015bwi\u0119ci\u0107 Naj\u015bwi\u0119tszemu Sercu Jezusowemu i Jego kult \u015bwi\u0119ty w narodzie rozszerza\u0107 coraz wi\u0119cej i wi\u0119cej\u201d. Wcze\u015bniej, bo w 1899 roku papie\u017c Leon XIII po\u015bwi\u0119ci\u0142 Naj\u015bwi\u0119tszemu Sercu ca\u0142\u0105 ludzko\u015b\u0107.<\/p><p>\u017ar\u00f3d\u0142o: http:\/\/www.rafaelfilm.pl\/najswietsze-serce\/#o-filmie<\/p>\t\t\t\t\t<\/div>\n\t\t\t\t\t\t<\/div>\n\t\t\t\t<\/div>\n\t\t\t\t\t\t<\/div>\n\t\t\t\t\t<\/div>\n\t\t<\/div>\n\t\t\t\t\t\t\t\t<\/div>\n\t\t\t\t\t<\/div>\n\t\t<\/section>\n\t\t\t\t<section class=\"elementor-section elementor-top-section elementor-element elementor-element-79f7df0 elementor-section-boxed elementor-section-height-default elementor-section-height-default\" data-id=\"79f7df0\" data-element_type=\"section\">\n\t\t\t\t\t\t<div class=\"elementor-container elementor-column-gap-default\">\n\t\t\t\t\t\t\t<div class=\"elementor-row\">\n\t\t\t\t\t<div class=\"elementor-column elementor-col-100 elementor-top-column elementor-element elementor-element-4e15e42\" data-id=\"4e15e42\" data-element_type=\"column\">\n\t\t\t<div class=\"elementor-column-wrap\">\n\t\t\t\t\t\t\t<div class=\"elementor-widget-wrap\">\n\t\t\t\t\t\t\t\t<\/div>\n\t\t\t\t\t<\/div>\n\t\t<\/div>\n\t\t\t\t\t\t\t\t<\/div>\n\t\t\t\t\t<\/div>\n\t\t<\/section>\n\t\t\t\t<section class=\"elementor-section elementor-top-section elementor-element elementor-element-4473c72 elementor-section-boxed elementor-section-height-default elementor-section-height-default\" data-id=\"4473c72\" data-element_type=\"section\">\n\t\t\t\t\t\t<div class=\"elementor-container elementor-column-gap-default\">\n\t\t\t\t\t\t\t<div class=\"elementor-row\">\n\t\t\t\t\t<div class=\"elementor-column elementor-col-100 elementor-top-column elementor-element elementor-element-b66febf\" data-id=\"b66febf\" data-element_type=\"column\">\n\t\t\t<div class=\"elementor-column-wrap elementor-element-populated\">\n\t\t\t\t\t\t\t<div class=\"elementor-widget-wrap\">\n\t\t\t\t\t\t<div class=\"elementor-element elementor-element-dfcb171 elementor-widget elementor-widget-video\" data-id=\"dfcb171\" data-element_type=\"widget\" data-settings=\"{&quot;youtube_url&quot;:&quot;https:\\\/\\\/www.youtube.com\\\/watch?v=3QHi857wM6E&quot;,&quot;video_type&quot;:&quot;youtube&quot;,&quot;controls&quot;:&quot;yes&quot;}\" data-widget_type=\"video.default\">\n\t\t\t\t<div class=\"elementor-widget-container\">\n\t\t\t\t\t<div class=\"elementor-wrapper elementor-open-inline\">\n\t\t\t<div class=\"elementor-video\"><\/div>\t\t<\/div>\n\t\t\t\t<\/div>\n\t\t\t\t<\/div>\n\t\t\t\t\t\t<\/div>\n\t\t\t\t\t<\/div>\n\t\t<\/div>\n\t\t\t\t\t\t\t\t<\/div>\n\t\t\t\t\t<\/div>\n\t\t<\/section>\n\t\t\t\t\t\t\t\t\t<\/div>\n\t\t\t<\/div>\n\t\t\t\t\t<\/div>\n\t\t","protected":false},"excerpt":{"rendered":"<p>Naj\u015bwi\u0119tsze Serce Znana pisarka Lupe Valdes poszukuje inspiracji do ksi\u0105\u017cki i natrafia na tajemnicz\u0105 histori\u0119 sprzed lat. Wyrusza do Francji, miejsca tajemniczych objawie\u0144, gdzie w szklanej trumnie spoczywa nietkni\u0119te przez czas cia\u0142o wizjonerki, \u015bw. Ma\u0142gorzaty Alacoque. 300 lat temu Jezus objawi\u0142 jej swoje\u2026 Serce i przekaza\u0142 12 obietnic dla ludzi, kt\u00f3rzy b\u0119d\u0105 Je czci\u0107. Pisarka &hellip;<\/p>\n<p class=\"read-more\"> <a class=\"\" href=\"https:\/\/dwaserca.eu\/?page_id=1416\"> <span class=\"screen-reader-text\">NAJ\u015aWI\u0118TSZE SERCE<\/span> Read More &raquo;<\/a><\/p>\n","protected":false},"author":1,"featured_media":0,"parent":0,"menu_order":0,"comment_status":"closed","ping_status":"closed","template":"elementor_header_footer","meta":{"site-sidebar-layout":"no-sidebar","site-content-layout":"page-builder","ast-global-header-display":"","ast-main-header-display":"","ast-hfb-above-header-display":"","ast-hfb-below-header-display":"","ast-hfb-mobile-header-display":"","site-post-title":"disabled","ast-breadcrumbs-content":"","ast-featured-img":"disabled","footer-sml-layout":"","theme-transparent-header-meta":"default","adv-header-id-meta":"","stick-header-meta":"","header-above-stick-meta":"","header-main-stick-meta":"","header-below-stick-meta":""},"yoast_head":"<!-- This site is optimized with the Yoast SEO plugin v20.1 - https:\/\/yoast.com\/wordpress\/plugins\/seo\/ -->\n<title>NAJ\u015aWI\u0118TSZE SERCE - dwaserca.eu<\/title>\n<meta name=\"robots\" content=\"index, follow, max-snippet:-1, max-image-preview:large, max-video-preview:-1\" \/>\n<link rel=\"canonical\" href=\"https:\/\/dwaserca.eu\/?page_id=1416\" \/>\n<meta property=\"og:locale\" content=\"pl_PL\" \/>\n<meta property=\"og:type\" content=\"article\" \/>\n<meta property=\"og:title\" content=\"NAJ\u015aWI\u0118TSZE SERCE - dwaserca.eu\" \/>\n<meta property=\"og:description\" content=\"Naj\u015bwi\u0119tsze Serce Znana pisarka Lupe Valdes poszukuje inspiracji do ksi\u0105\u017cki i natrafia na tajemnicz\u0105 histori\u0119 sprzed lat. Wyrusza do Francji, miejsca tajemniczych objawie\u0144, gdzie w szklanej trumnie spoczywa nietkni\u0119te przez czas cia\u0142o wizjonerki, \u015bw. Ma\u0142gorzaty Alacoque. 300 lat temu Jezus objawi\u0142 jej swoje\u2026 Serce i przekaza\u0142 12 obietnic dla ludzi, kt\u00f3rzy b\u0119d\u0105 Je czci\u0107. Pisarka &hellip; NAJ\u015aWI\u0118TSZE SERCE Read More &raquo;\" \/>\n<meta property=\"og:url\" content=\"https:\/\/dwaserca.eu\/?page_id=1416\" \/>\n<meta property=\"og:site_name\" content=\"dwaserca.eu\" \/>\n<meta property=\"article:modified_time\" content=\"2020-05-22T10:42:54+00:00\" \/>\n<meta property=\"og:image\" content=\"http:\/\/dwaserca.eu\/wp-content\/uploads\/2020\/05\/najswietsze-serce-plakat_-724x1024.jpg\" \/>\n<meta name=\"twitter:card\" content=\"summary_large_image\" \/>\n<meta name=\"twitter:label1\" content=\"Szacowany czas czytania\" \/>\n\t<meta name=\"twitter:data1\" content=\"2 minuty\" \/>\n<script type=\"application\/ld+json\" class=\"yoast-schema-graph\">{\"@context\":\"https:\/\/schema.org\",\"@graph\":[{\"@type\":\"WebPage\",\"@id\":\"https:\/\/dwaserca.eu\/?page_id=1416\",\"url\":\"https:\/\/dwaserca.eu\/?page_id=1416\",\"name\":\"NAJ\u015aWI\u0118TSZE SERCE - dwaserca.eu\",\"isPartOf\":{\"@id\":\"https:\/\/dwaserca.eu\/#website\"},\"datePublished\":\"2020-05-12T22:54:40+00:00\",\"dateModified\":\"2020-05-22T10:42:54+00:00\",\"breadcrumb\":{\"@id\":\"https:\/\/dwaserca.eu\/?page_id=1416#breadcrumb\"},\"inLanguage\":\"pl-PL\",\"potentialAction\":[{\"@type\":\"ReadAction\",\"target\":[\"https:\/\/dwaserca.eu\/?page_id=1416\"]}]},{\"@type\":\"BreadcrumbList\",\"@id\":\"https:\/\/dwaserca.eu\/?page_id=1416#breadcrumb\",\"itemListElement\":[{\"@type\":\"ListItem\",\"position\":1,\"name\":\"Strona g\u0142\u00f3wna\",\"item\":\"https:\/\/dwaserca.eu\/\"},{\"@type\":\"ListItem\",\"position\":2,\"name\":\"NAJ\u015aWI\u0118TSZE SERCE\"}]},{\"@type\":\"WebSite\",\"@id\":\"https:\/\/dwaserca.eu\/#website\",\"url\":\"https:\/\/dwaserca.eu\/\",\"name\":\"dwaserca.eu\",\"description\":\"33 bicia serca\",\"publisher\":{\"@id\":\"https:\/\/dwaserca.eu\/#organization\"},\"potentialAction\":[{\"@type\":\"SearchAction\",\"target\":{\"@type\":\"EntryPoint\",\"urlTemplate\":\"https:\/\/dwaserca.eu\/?s={search_term_string}\"},\"query-input\":\"required name=search_term_string\"}],\"inLanguage\":\"pl-PL\"},{\"@type\":\"Organization\",\"@id\":\"https:\/\/dwaserca.eu\/#organization\",\"name\":\"dwaserca.eu\",\"url\":\"https:\/\/dwaserca.eu\/\",\"logo\":{\"@type\":\"ImageObject\",\"inLanguage\":\"pl-PL\",\"@id\":\"https:\/\/dwaserca.eu\/#\/schema\/logo\/image\/\",\"url\":\"https:\/\/dwaserca.eu\/wp-content\/uploads\/2020\/05\/cropped-Dwaserca-2-1.png\",\"contentUrl\":\"https:\/\/dwaserca.eu\/wp-content\/uploads\/2020\/05\/cropped-Dwaserca-2-1.png\",\"width\":978,\"height\":446,\"caption\":\"dwaserca.eu\"},\"image\":{\"@id\":\"https:\/\/dwaserca.eu\/#\/schema\/logo\/image\/\"}}]}<\/script>\n<!-- \/ Yoast SEO plugin. -->","yoast_head_json":{"title":"NAJ\u015aWI\u0118TSZE SERCE - dwaserca.eu","robots":{"index":"index","follow":"follow","max-snippet":"max-snippet:-1","max-image-preview":"max-image-preview:large","max-video-preview":"max-video-preview:-1"},"canonical":"https:\/\/dwaserca.eu\/?page_id=1416","og_locale":"pl_PL","og_type":"article","og_title":"NAJ\u015aWI\u0118TSZE SERCE - dwaserca.eu","og_description":"Naj\u015bwi\u0119tsze Serce Znana pisarka Lupe Valdes poszukuje inspiracji do ksi\u0105\u017cki i natrafia na tajemnicz\u0105 histori\u0119 sprzed lat. Wyrusza do Francji, miejsca tajemniczych objawie\u0144, gdzie w szklanej trumnie spoczywa nietkni\u0119te przez czas cia\u0142o wizjonerki, \u015bw. Ma\u0142gorzaty Alacoque. 300 lat temu Jezus objawi\u0142 jej swoje\u2026 Serce i przekaza\u0142 12 obietnic dla ludzi, kt\u00f3rzy b\u0119d\u0105 Je czci\u0107. Pisarka &hellip; NAJ\u015aWI\u0118TSZE SERCE Read More &raquo;","og_url":"https:\/\/dwaserca.eu\/?page_id=1416","og_site_name":"dwaserca.eu","article_modified_time":"2020-05-22T10:42:54+00:00","og_image":[{"url":"http:\/\/dwaserca.eu\/wp-content\/uploads\/2020\/05\/najswietsze-serce-plakat_-724x1024.jpg"}],"twitter_card":"summary_large_image","twitter_misc":{"Szacowany czas czytania":"2 minuty"},"schema":{"@context":"https:\/\/schema.org","@graph":[{"@type":"WebPage","@id":"https:\/\/dwaserca.eu\/?page_id=1416","url":"https:\/\/dwaserca.eu\/?page_id=1416","name":"NAJ\u015aWI\u0118TSZE SERCE - dwaserca.eu","isPartOf":{"@id":"https:\/\/dwaserca.eu\/#website"},"datePublished":"2020-05-12T22:54:40+00:00","dateModified":"2020-05-22T10:42:54+00:00","breadcrumb":{"@id":"https:\/\/dwaserca.eu\/?page_id=1416#breadcrumb"},"inLanguage":"pl-PL","potentialAction":[{"@type":"ReadAction","target":["https:\/\/dwaserca.eu\/?page_id=1416"]}]},{"@type":"BreadcrumbList","@id":"https:\/\/dwaserca.eu\/?page_id=1416#breadcrumb","itemListElement":[{"@type":"ListItem","position":1,"name":"Strona g\u0142\u00f3wna","item":"https:\/\/dwaserca.eu\/"},{"@type":"ListItem","position":2,"name":"NAJ\u015aWI\u0118TSZE SERCE"}]},{"@type":"WebSite","@id":"https:\/\/dwaserca.eu\/#website","url":"https:\/\/dwaserca.eu\/","name":"dwaserca.eu","description":"33 bicia serca","publisher":{"@id":"https:\/\/dwaserca.eu\/#organization"},"potentialAction":[{"@type":"SearchAction","target":{"@type":"EntryPoint","urlTemplate":"https:\/\/dwaserca.eu\/?s={search_term_string}"},"query-input":"required name=search_term_string"}],"inLanguage":"pl-PL"},{"@type":"Organization","@id":"https:\/\/dwaserca.eu\/#organization","name":"dwaserca.eu","url":"https:\/\/dwaserca.eu\/","logo":{"@type":"ImageObject","inLanguage":"pl-PL","@id":"https:\/\/dwaserca.eu\/#\/schema\/logo\/image\/","url":"https:\/\/dwaserca.eu\/wp-content\/uploads\/2020\/05\/cropped-Dwaserca-2-1.png","contentUrl":"https:\/\/dwaserca.eu\/wp-content\/uploads\/2020\/05\/cropped-Dwaserca-2-1.png","width":978,"height":446,"caption":"dwaserca.eu"},"image":{"@id":"https:\/\/dwaserca.eu\/#\/schema\/logo\/image\/"}}]}},"_links":{"self":[{"href":"https:\/\/dwaserca.eu\/index.php?rest_route=\/wp\/v2\/pages\/1416"}],"collection":[{"href":"https:\/\/dwaserca.eu\/index.php?rest_route=\/wp\/v2\/pages"}],"about":[{"href":"https:\/\/dwaserca.eu\/index.php?rest_route=\/wp\/v2\/types\/page"}],"author":[{"embeddable":true,"href":"https:\/\/dwaserca.eu\/index.php?rest_route=\/wp\/v2\/users\/1"}],"replies":[{"embeddable":true,"href":"https:\/\/dwaserca.eu\/index.php?rest_route=%2Fwp%2Fv2%2Fcomments&post=1416"}],"version-history":[{"count":25,"href":"https:\/\/dwaserca.eu\/index.php?rest_route=\/wp\/v2\/pages\/1416\/revisions"}],"predecessor-version":[{"id":2634,"href":"https:\/\/dwaserca.eu\/index.php?rest_route=\/wp\/v2\/pages\/1416\/revisions\/2634"}],"wp:attachment":[{"href":"https:\/\/dwaserca.eu\/index.php?rest_route=%2Fwp%2Fv2%2Fmedia&parent=1416"}],"curies":[{"name":"wp","href":"https:\/\/api.w.org\/{rel}","templated":true}]}}