{"id":2123,"date":"2020-05-19T10:30:58","date_gmt":"2020-05-19T08:30:58","guid":{"rendered":"http:\/\/dwaserca.eu\/?page_id=2123"},"modified":"2021-05-01T14:04:32","modified_gmt":"2021-05-01T12:04:32","slug":"dzien-13","status":"publish","type":"page","link":"https:\/\/dwaserca.eu\/?page_id=2123","title":{"rendered":"13. Dzie\u0144"},"content":{"rendered":"\t\t<div data-elementor-type=\"wp-page\" data-elementor-id=\"2123\" class=\"elementor elementor-2123\">\n\t\t\t\t\t\t<div class=\"elementor-inner\">\n\t\t\t\t<div class=\"elementor-section-wrap\">\n\t\t\t\t\t\t\t\t\t<section class=\"elementor-section elementor-top-section elementor-element elementor-element-01491e9 elementor-section-boxed elementor-section-height-default elementor-section-height-default\" data-id=\"01491e9\" data-element_type=\"section\">\n\t\t\t\t\t\t<div class=\"elementor-container elementor-column-gap-default\">\n\t\t\t\t\t\t\t<div class=\"elementor-row\">\n\t\t\t\t\t<div class=\"elementor-column elementor-col-100 elementor-top-column elementor-element elementor-element-13a7608\" data-id=\"13a7608\" data-element_type=\"column\">\n\t\t\t<div class=\"elementor-column-wrap elementor-element-populated\">\n\t\t\t\t\t\t\t<div class=\"elementor-widget-wrap\">\n\t\t\t\t\t\t<div class=\"elementor-element elementor-element-82ce321 elementor-widget elementor-widget-heading\" data-id=\"82ce321\" data-element_type=\"widget\" data-widget_type=\"heading.default\">\n\t\t\t\t<div class=\"elementor-widget-container\">\n\t\t\t<h2 class=\"elementor-heading-title elementor-size-default\">13. Dzie\u0144<\/h2>\t\t<\/div>\n\t\t\t\t<\/div>\n\t\t\t\t<div class=\"elementor-element elementor-element-bd34afe elementor-widget-divider--view-line elementor-widget elementor-widget-divider\" data-id=\"bd34afe\" data-element_type=\"widget\" data-widget_type=\"divider.default\">\n\t\t\t\t<div class=\"elementor-widget-container\">\n\t\t\t\t\t<div class=\"elementor-divider\">\n\t\t\t<span class=\"elementor-divider-separator\">\n\t\t\t\t\t\t<\/span>\n\t\t<\/div>\n\t\t\t\t<\/div>\n\t\t\t\t<\/div>\n\t\t\t\t<div class=\"elementor-element elementor-element-8ce3572 elementor-invisible elementor-widget elementor-widget-text-editor\" data-id=\"8ce3572\" data-element_type=\"widget\" data-settings=\"{&quot;_animation&quot;:&quot;pulse&quot;}\" data-widget_type=\"text-editor.default\">\n\t\t\t\t<div class=\"elementor-widget-container\">\n\t\t\t\t\t\t\t\t<div class=\"elementor-text-editor elementor-clearfix\">\n\t\t\t\t<h5><span style=\"font-weight: normal;\"><em>Serce Jezusa, kr\u00f3lu i zjednoczenie serc wszystkich, zmi\u0142uj si\u0119 nad nami.<\/em><\/span><\/h5>\t\t\t\t\t<\/div>\n\t\t\t\t\t\t<\/div>\n\t\t\t\t<\/div>\n\t\t\t\t<div class=\"elementor-element elementor-element-3407dbc elementor-widget elementor-widget-text-editor\" data-id=\"3407dbc\" data-element_type=\"widget\" data-widget_type=\"text-editor.default\">\n\t\t\t\t<div class=\"elementor-widget-container\">\n\t\t\t\t\t\t\t\t<div class=\"elementor-text-editor elementor-clearfix\">\n\t\t\t\t<h5><span style=\"font-weight: normal;\"><strong>S\u0142owo \u017bycia:<\/strong><br \/>\u201eGdy Jezus ukaza\u0142 si\u0119 swoim uczniom i spo\u017cy\u0142 z nimi \u015bniadanie, rzek\u0142 do Szymona Piotra: \u201eSzymonie, synu Jana, czy mi\u0142ujesz Mnie wi\u0119cej ani\u017celi ci?\u201d. (J 21,15)<\/span><\/h5><h5><span style=\"font-weight: normal;\"><b>Ks. Mateusz: <\/b><br \/>Serce Jezusa jest \u017ar\u00f3d\u0142em naszej jedno\u015bci. <br \/>Nasz Zbawiciel w Duchu \u015awi\u0119tym jednoczy wszystkich ludzi. To On jest Kr\u00f3lem Wszech\u015bwiata. <br \/>\u201eChrze\u015bcija\u0144stwo to nie samopotwierdzenie si\u0119, lecz otwarcie si\u0119 na wielk\u0105 jedno\u015b\u0107, kt\u00f3ra obejmuje ca\u0142\u0105 ludzko\u015b\u0107 wszystkich miejsc i wszystkich czas\u00f3w. P\u0142omie\u0144 niesko\u0144czonego po\u017c\u0105dania nie zostaje zgaszony, lecz ukierunkowany, tak \u017ce \u0142\u0105czy si\u0119 z ogniem Ducha \u015awi\u0119tego.\u201d<a href=\"#_ftn1\" name=\"_ftnref1\"><sup>[1]<\/sup><\/a><\/span><span style=\"font-weight: normal;\"> Duch \u015awi\u0119ty rozpala nasze serca na nowo i czyni z nas Ko\u015bci\u00f3\u0142 &#8211; zjednoczenie serc w Sercu Kr\u00f3la.<\/span><\/h5><p><a href=\"#_ftnref1\" name=\"_ftn1\"><sup>[1]<\/sup><\/a> J. Ratzinger, <em>Obrazy nadziei. W\u0119dr\u00f3wki przez rok ko\u015bcielny<\/em>, t\u0142. K. W\u00f3jtowicz, Pozna\u0144 1998, s. 61; cyt. za: J. Szymik, <em>Theologia Benedicta<\/em>, t. II, s. 143.<\/p><h5><span style=\"font-weight: normal;\"><b>Marek: <\/b><br \/>Wiemy, \u017ce \u015bniadanie jest jednym z najwa\u017cniejszych posi\u0142k\u00f3w w ci\u0105gu dnia. <br \/>Dlatego mawia si\u0119 &#8211; \u015bniadanie zjedz jak kr\u00f3l! Ale zje\u015b\u0107 \u015bniadanie &#8211; z Kr\u00f3lem?! <br \/>Poranna Msza \u015bwi\u0119ta to doskona\u0142a okazja, aby \u201enaje\u015b\u0107 si\u0119 do syta\u201d mi\u0142o\u015bci\u0105 Boga. <br \/>I to nie byle jakim pokarmem! Chrystus daje bowiem Ca\u0142ego Siebie. <br \/>Czego oczekuje w zamian? Kochaj, przebaczaj i rozdawaj si\u0119! <br \/>Prawdziwa uczta kontynuowana jest po wyj\u015bciu z ko\u015bcio\u0142a! Jak kocham Jezusa w drugim cz\u0142owieku?<\/span><\/h5><h5><span style=\"font-weight: normal;\"><b>\u015aw. Ma\u0142gorzata Alacoque:<\/b> Gdy pewnego dnia odczu\u0142am g\u0142\u0119bokie pragnienie przyj\u0119cia Komunii \u015awi\u0119tej, ukaza\u0142 mi si\u0119 m\u00f3j Zbawca i powiedzia\u0142: &#8211; C\u00f3rko moja, us\u0142ysza\u0142em twoje wzdychania i pragnienie twojego serca jest Mi tak przyjemne, \u017ce &#8211; gdybym jeszcze nie ustanowi\u0142 Boskiego sakramentu Mi\u0142o\u015bci &#8211; uczyni\u0142bym to teraz z powodu uczucia, jakim ci\u0119 darz\u0119, aby prze\u017cywa\u0107 rado\u015b\u0107 przebywania w twej duszy i doznawa\u0107 mi\u0142o\u015bci w twym sercu.<\/span><\/h5><h5><span style=\"font-weight: normal;\"><b>\u015aw. Faustyna Kowalska:<\/b> W tej kontemplacji nie doznaj\u0119 poryw\u00f3w serca, ale g\u0142\u0119bi pokoju i dziwnej ciszy. Cho\u0107 mi\u0142o\u015b\u0107 jest wielka, lecz dziwna r\u00f3wnowaga: samo nawet przyjmowanie Eucharystii nie sprawia mi wra\u017cenia, ale wprowadza mnie w g\u0142\u0119bi\u0119 zjednoczenia, gdzie mi\u0142o\u015b\u0107 moja zlana z mi\u0142o\u015bci\u0105 Bo\u017c\u0105 stanowi jedno. (Dz 1334)<\/span><\/h5><h5><span style=\"font-weight: normal;\"><b>Zadanie rekolekcyjne:<\/b><br \/>Pom\u00f3dl si\u0119 do Ducha \u015awi\u0119tego o dar m\u0119stwa i odwagi.<\/span><\/h5><h5><span style=\"font-weight: normal;\"><b>\u0106wiczenie dodatkowe: <\/b><br \/>Zapro\u015b przyjaci\u00f3\u0142 na wsp\u00f3lne \u015bniadanie i przed posi\u0142kiem poprowad\u017a dzi\u0119kczynn\u0105 modlitw\u0119.<\/span><\/h5>\t\t\t\t\t<\/div>\n\t\t\t\t\t\t<\/div>\n\t\t\t\t<\/div>\n\t\t\t\t<div class=\"elementor-element elementor-element-f09dd06 elementor-invisible elementor-widget elementor-widget-text-editor\" data-id=\"f09dd06\" data-element_type=\"widget\" data-settings=\"{&quot;_animation&quot;:&quot;pulse&quot;}\" data-widget_type=\"text-editor.default\">\n\t\t\t\t<div class=\"elementor-widget-container\">\n\t\t\t\t\t\t\t\t<div class=\"elementor-text-editor elementor-clearfix\">\n\t\t\t\t<h3><a href=\"http:\/\/dwaserca.eu\/wp-content\/uploads\/2020\/05\/DWA-SERCA-rozwa\u017cania-dzie\u0144-13.-DO-WYDRUKU.pdf\">DWA SERCA rozwa\u017cania dzie\u0144 13. DO WYDRUKU<\/a><\/h3>\t\t\t\t\t<\/div>\n\t\t\t\t\t\t<\/div>\n\t\t\t\t<\/div>\n\t\t\t\t<div class=\"elementor-element elementor-element-986fe4c elementor-widget elementor-widget-video\" data-id=\"986fe4c\" data-element_type=\"widget\" data-settings=\"{&quot;youtube_url&quot;:&quot;https:\\\/\\\/www.youtube.com\\\/watch?v=Q2F68RL8Qng&quot;,&quot;video_type&quot;:&quot;youtube&quot;,&quot;controls&quot;:&quot;yes&quot;}\" data-widget_type=\"video.default\">\n\t\t\t\t<div class=\"elementor-widget-container\">\n\t\t\t\t\t<div class=\"elementor-wrapper elementor-open-inline\">\n\t\t\t<div class=\"elementor-video\"><\/div>\t\t<\/div>\n\t\t\t\t<\/div>\n\t\t\t\t<\/div>\n\t\t\t\t\t\t<\/div>\n\t\t\t\t\t<\/div>\n\t\t<\/div>\n\t\t\t\t\t\t\t\t<\/div>\n\t\t\t\t\t<\/div>\n\t\t<\/section>\n\t\t\t\t\t\t\t\t\t<\/div>\n\t\t\t<\/div>\n\t\t\t\t\t<\/div>\n\t\t","protected":false},"excerpt":{"rendered":"<p>13. Dzie\u0144 Serce Jezusa, kr\u00f3lu i zjednoczenie serc wszystkich, zmi\u0142uj si\u0119 nad nami. S\u0142owo \u017bycia:\u201eGdy Jezus ukaza\u0142 si\u0119 swoim uczniom i spo\u017cy\u0142 z nimi \u015bniadanie, rzek\u0142 do Szymona Piotra: \u201eSzymonie, synu Jana, czy mi\u0142ujesz Mnie wi\u0119cej ani\u017celi ci?\u201d. (J 21,15) Ks. Mateusz: Serce Jezusa jest \u017ar\u00f3d\u0142em naszej jedno\u015bci. Nasz Zbawiciel w Duchu \u015awi\u0119tym jednoczy wszystkich &hellip;<\/p>\n<p class=\"read-more\"> <a class=\"\" href=\"https:\/\/dwaserca.eu\/?page_id=2123\"> <span class=\"screen-reader-text\">13. Dzie\u0144<\/span> Read More &raquo;<\/a><\/p>\n","protected":false},"author":1,"featured_media":0,"parent":0,"menu_order":0,"comment_status":"closed","ping_status":"closed","template":"","meta":{"site-sidebar-layout":"no-sidebar","site-content-layout":"page-builder","ast-global-header-display":"","ast-main-header-display":"","ast-hfb-above-header-display":"","ast-hfb-below-header-display":"","ast-hfb-mobile-header-display":"","site-post-title":"disabled","ast-breadcrumbs-content":"","ast-featured-img":"disabled","footer-sml-layout":"","theme-transparent-header-meta":"default","adv-header-id-meta":"","stick-header-meta":"","header-above-stick-meta":"","header-main-stick-meta":"","header-below-stick-meta":""},"yoast_head":"<!-- This site is optimized with the Yoast SEO plugin v20.1 - https:\/\/yoast.com\/wordpress\/plugins\/seo\/ -->\n<title>13. Dzie\u0144 - dwaserca.eu<\/title>\n<meta name=\"robots\" content=\"index, follow, max-snippet:-1, max-image-preview:large, max-video-preview:-1\" \/>\n<link rel=\"canonical\" href=\"https:\/\/dwaserca.eu\/?page_id=2123\" \/>\n<meta property=\"og:locale\" content=\"pl_PL\" \/>\n<meta property=\"og:type\" content=\"article\" \/>\n<meta property=\"og:title\" content=\"13. Dzie\u0144 - dwaserca.eu\" \/>\n<meta property=\"og:description\" content=\"13. Dzie\u0144 Serce Jezusa, kr\u00f3lu i zjednoczenie serc wszystkich, zmi\u0142uj si\u0119 nad nami. S\u0142owo \u017bycia:\u201eGdy Jezus ukaza\u0142 si\u0119 swoim uczniom i spo\u017cy\u0142 z nimi \u015bniadanie, rzek\u0142 do Szymona Piotra: \u201eSzymonie, synu Jana, czy mi\u0142ujesz Mnie wi\u0119cej ani\u017celi ci?\u201d. (J 21,15) Ks. Mateusz: Serce Jezusa jest \u017ar\u00f3d\u0142em naszej jedno\u015bci. Nasz Zbawiciel w Duchu \u015awi\u0119tym jednoczy wszystkich &hellip; 13. Dzie\u0144 Read More &raquo;\" \/>\n<meta property=\"og:url\" content=\"https:\/\/dwaserca.eu\/?page_id=2123\" \/>\n<meta property=\"og:site_name\" content=\"dwaserca.eu\" \/>\n<meta property=\"article:modified_time\" content=\"2021-05-01T12:04:32+00:00\" \/>\n<meta name=\"twitter:card\" content=\"summary_large_image\" \/>\n<meta name=\"twitter:label1\" content=\"Szacowany czas czytania\" \/>\n\t<meta name=\"twitter:data1\" content=\"2 minuty\" \/>\n<script type=\"application\/ld+json\" class=\"yoast-schema-graph\">{\"@context\":\"https:\/\/schema.org\",\"@graph\":[{\"@type\":\"WebPage\",\"@id\":\"https:\/\/dwaserca.eu\/?page_id=2123\",\"url\":\"https:\/\/dwaserca.eu\/?page_id=2123\",\"name\":\"13. Dzie\u0144 - dwaserca.eu\",\"isPartOf\":{\"@id\":\"https:\/\/dwaserca.eu\/#website\"},\"datePublished\":\"2020-05-19T08:30:58+00:00\",\"dateModified\":\"2021-05-01T12:04:32+00:00\",\"breadcrumb\":{\"@id\":\"https:\/\/dwaserca.eu\/?page_id=2123#breadcrumb\"},\"inLanguage\":\"pl-PL\",\"potentialAction\":[{\"@type\":\"ReadAction\",\"target\":[\"https:\/\/dwaserca.eu\/?page_id=2123\"]}]},{\"@type\":\"BreadcrumbList\",\"@id\":\"https:\/\/dwaserca.eu\/?page_id=2123#breadcrumb\",\"itemListElement\":[{\"@type\":\"ListItem\",\"position\":1,\"name\":\"Strona g\u0142\u00f3wna\",\"item\":\"https:\/\/dwaserca.eu\/\"},{\"@type\":\"ListItem\",\"position\":2,\"name\":\"13. Dzie\u0144\"}]},{\"@type\":\"WebSite\",\"@id\":\"https:\/\/dwaserca.eu\/#website\",\"url\":\"https:\/\/dwaserca.eu\/\",\"name\":\"dwaserca.eu\",\"description\":\"33 bicia serca\",\"publisher\":{\"@id\":\"https:\/\/dwaserca.eu\/#organization\"},\"potentialAction\":[{\"@type\":\"SearchAction\",\"target\":{\"@type\":\"EntryPoint\",\"urlTemplate\":\"https:\/\/dwaserca.eu\/?s={search_term_string}\"},\"query-input\":\"required name=search_term_string\"}],\"inLanguage\":\"pl-PL\"},{\"@type\":\"Organization\",\"@id\":\"https:\/\/dwaserca.eu\/#organization\",\"name\":\"dwaserca.eu\",\"url\":\"https:\/\/dwaserca.eu\/\",\"logo\":{\"@type\":\"ImageObject\",\"inLanguage\":\"pl-PL\",\"@id\":\"https:\/\/dwaserca.eu\/#\/schema\/logo\/image\/\",\"url\":\"https:\/\/dwaserca.eu\/wp-content\/uploads\/2020\/05\/cropped-Dwaserca-2-1.png\",\"contentUrl\":\"https:\/\/dwaserca.eu\/wp-content\/uploads\/2020\/05\/cropped-Dwaserca-2-1.png\",\"width\":978,\"height\":446,\"caption\":\"dwaserca.eu\"},\"image\":{\"@id\":\"https:\/\/dwaserca.eu\/#\/schema\/logo\/image\/\"}}]}<\/script>\n<!-- \/ Yoast SEO plugin. -->","yoast_head_json":{"title":"13. Dzie\u0144 - dwaserca.eu","robots":{"index":"index","follow":"follow","max-snippet":"max-snippet:-1","max-image-preview":"max-image-preview:large","max-video-preview":"max-video-preview:-1"},"canonical":"https:\/\/dwaserca.eu\/?page_id=2123","og_locale":"pl_PL","og_type":"article","og_title":"13. Dzie\u0144 - dwaserca.eu","og_description":"13. Dzie\u0144 Serce Jezusa, kr\u00f3lu i zjednoczenie serc wszystkich, zmi\u0142uj si\u0119 nad nami. S\u0142owo \u017bycia:\u201eGdy Jezus ukaza\u0142 si\u0119 swoim uczniom i spo\u017cy\u0142 z nimi \u015bniadanie, rzek\u0142 do Szymona Piotra: \u201eSzymonie, synu Jana, czy mi\u0142ujesz Mnie wi\u0119cej ani\u017celi ci?\u201d. (J 21,15) Ks. Mateusz: Serce Jezusa jest \u017ar\u00f3d\u0142em naszej jedno\u015bci. Nasz Zbawiciel w Duchu \u015awi\u0119tym jednoczy wszystkich &hellip; 13. Dzie\u0144 Read More &raquo;","og_url":"https:\/\/dwaserca.eu\/?page_id=2123","og_site_name":"dwaserca.eu","article_modified_time":"2021-05-01T12:04:32+00:00","twitter_card":"summary_large_image","twitter_misc":{"Szacowany czas czytania":"2 minuty"},"schema":{"@context":"https:\/\/schema.org","@graph":[{"@type":"WebPage","@id":"https:\/\/dwaserca.eu\/?page_id=2123","url":"https:\/\/dwaserca.eu\/?page_id=2123","name":"13. Dzie\u0144 - dwaserca.eu","isPartOf":{"@id":"https:\/\/dwaserca.eu\/#website"},"datePublished":"2020-05-19T08:30:58+00:00","dateModified":"2021-05-01T12:04:32+00:00","breadcrumb":{"@id":"https:\/\/dwaserca.eu\/?page_id=2123#breadcrumb"},"inLanguage":"pl-PL","potentialAction":[{"@type":"ReadAction","target":["https:\/\/dwaserca.eu\/?page_id=2123"]}]},{"@type":"BreadcrumbList","@id":"https:\/\/dwaserca.eu\/?page_id=2123#breadcrumb","itemListElement":[{"@type":"ListItem","position":1,"name":"Strona g\u0142\u00f3wna","item":"https:\/\/dwaserca.eu\/"},{"@type":"ListItem","position":2,"name":"13. Dzie\u0144"}]},{"@type":"WebSite","@id":"https:\/\/dwaserca.eu\/#website","url":"https:\/\/dwaserca.eu\/","name":"dwaserca.eu","description":"33 bicia serca","publisher":{"@id":"https:\/\/dwaserca.eu\/#organization"},"potentialAction":[{"@type":"SearchAction","target":{"@type":"EntryPoint","urlTemplate":"https:\/\/dwaserca.eu\/?s={search_term_string}"},"query-input":"required name=search_term_string"}],"inLanguage":"pl-PL"},{"@type":"Organization","@id":"https:\/\/dwaserca.eu\/#organization","name":"dwaserca.eu","url":"https:\/\/dwaserca.eu\/","logo":{"@type":"ImageObject","inLanguage":"pl-PL","@id":"https:\/\/dwaserca.eu\/#\/schema\/logo\/image\/","url":"https:\/\/dwaserca.eu\/wp-content\/uploads\/2020\/05\/cropped-Dwaserca-2-1.png","contentUrl":"https:\/\/dwaserca.eu\/wp-content\/uploads\/2020\/05\/cropped-Dwaserca-2-1.png","width":978,"height":446,"caption":"dwaserca.eu"},"image":{"@id":"https:\/\/dwaserca.eu\/#\/schema\/logo\/image\/"}}]}},"_links":{"self":[{"href":"https:\/\/dwaserca.eu\/index.php?rest_route=\/wp\/v2\/pages\/2123"}],"collection":[{"href":"https:\/\/dwaserca.eu\/index.php?rest_route=\/wp\/v2\/pages"}],"about":[{"href":"https:\/\/dwaserca.eu\/index.php?rest_route=\/wp\/v2\/types\/page"}],"author":[{"embeddable":true,"href":"https:\/\/dwaserca.eu\/index.php?rest_route=\/wp\/v2\/users\/1"}],"replies":[{"embeddable":true,"href":"https:\/\/dwaserca.eu\/index.php?rest_route=%2Fwp%2Fv2%2Fcomments&post=2123"}],"version-history":[{"count":19,"href":"https:\/\/dwaserca.eu\/index.php?rest_route=\/wp\/v2\/pages\/2123\/revisions"}],"predecessor-version":[{"id":3085,"href":"https:\/\/dwaserca.eu\/index.php?rest_route=\/wp\/v2\/pages\/2123\/revisions\/3085"}],"wp:attachment":[{"href":"https:\/\/dwaserca.eu\/index.php?rest_route=%2Fwp%2Fv2%2Fmedia&parent=2123"}],"curies":[{"name":"wp","href":"https:\/\/api.w.org\/{rel}","templated":true}]}}