{"id":2129,"date":"2020-05-19T10:31:53","date_gmt":"2020-05-19T08:31:53","guid":{"rendered":"http:\/\/dwaserca.eu\/?page_id=2129"},"modified":"2021-05-01T14:06:46","modified_gmt":"2021-05-01T12:06:46","slug":"dzien-16","status":"publish","type":"page","link":"https:\/\/dwaserca.eu\/?page_id=2129","title":{"rendered":"16. Dzie\u0144"},"content":{"rendered":"\t\t<div data-elementor-type=\"wp-page\" data-elementor-id=\"2129\" class=\"elementor elementor-2129\">\n\t\t\t\t\t\t<div class=\"elementor-inner\">\n\t\t\t\t<div class=\"elementor-section-wrap\">\n\t\t\t\t\t\t\t\t\t<section class=\"elementor-section elementor-top-section elementor-element elementor-element-b2c6fcc elementor-section-boxed elementor-section-height-default elementor-section-height-default\" data-id=\"b2c6fcc\" data-element_type=\"section\">\n\t\t\t\t\t\t<div class=\"elementor-container elementor-column-gap-default\">\n\t\t\t\t\t\t\t<div class=\"elementor-row\">\n\t\t\t\t\t<div class=\"elementor-column elementor-col-100 elementor-top-column elementor-element elementor-element-bc626c1\" data-id=\"bc626c1\" data-element_type=\"column\">\n\t\t\t<div class=\"elementor-column-wrap elementor-element-populated\">\n\t\t\t\t\t\t\t<div class=\"elementor-widget-wrap\">\n\t\t\t\t\t\t<div class=\"elementor-element elementor-element-9caf694 elementor-widget elementor-widget-heading\" data-id=\"9caf694\" data-element_type=\"widget\" data-widget_type=\"heading.default\">\n\t\t\t\t<div class=\"elementor-widget-container\">\n\t\t\t<h2 class=\"elementor-heading-title elementor-size-default\">16. Dzie\u0144<\/h2>\t\t<\/div>\n\t\t\t\t<\/div>\n\t\t\t\t<div class=\"elementor-element elementor-element-18a094f elementor-widget-divider--view-line elementor-widget elementor-widget-divider\" data-id=\"18a094f\" data-element_type=\"widget\" data-widget_type=\"divider.default\">\n\t\t\t\t<div class=\"elementor-widget-container\">\n\t\t\t\t\t<div class=\"elementor-divider\">\n\t\t\t<span class=\"elementor-divider-separator\">\n\t\t\t\t\t\t<\/span>\n\t\t<\/div>\n\t\t\t\t<\/div>\n\t\t\t\t<\/div>\n\t\t\t\t<div class=\"elementor-element elementor-element-39f15f2 elementor-invisible elementor-widget elementor-widget-text-editor\" data-id=\"39f15f2\" data-element_type=\"widget\" data-settings=\"{&quot;_animation&quot;:&quot;pulse&quot;}\" data-widget_type=\"text-editor.default\">\n\t\t\t\t<div class=\"elementor-widget-container\">\n\t\t\t\t\t\t\t\t<div class=\"elementor-text-editor elementor-clearfix\">\n\t\t\t\t<h5><span style=\"font-weight: normal;\"><em>Serce Jezusa, w kt\u00f3rym sobie Ojciec bardzo upodoba\u0142, zmi\u0142uj si\u0119 nad nami.<\/em><\/span><\/h5>\t\t\t\t\t<\/div>\n\t\t\t\t\t\t<\/div>\n\t\t\t\t<\/div>\n\t\t\t\t<div class=\"elementor-element elementor-element-925e43e elementor-widget elementor-widget-text-editor\" data-id=\"925e43e\" data-element_type=\"widget\" data-widget_type=\"text-editor.default\">\n\t\t\t\t<div class=\"elementor-widget-container\">\n\t\t\t\t\t\t\t\t<div class=\"elementor-text-editor elementor-clearfix\">\n\t\t\t\t<h5><span style=\"font-weight: normal;\"><b>S\u0142owo \u017bycia:<\/b><br \/>\u201eWtedy Matka Jego powiedzia\u0142a do s\u0142ug: \u00abZr\u00f3bcie wszystko, cokolwiek wam powie\u00bb.\u201d (J 2, 5)<\/span><\/h5><h5><span style=\"font-weight: normal;\"><b>Ks. Mateusz: <\/b><br \/>W Sercu Jezusa uwielbiamy mi\u0142o\u015b\u0107 Tr\u00f3jcy Przenaj\u015bwi\u0119tszej wobec ka\u017cdego cz\u0142owieka.<br \/>Kap\u0142an udzielaj\u0105c nam rozgrzeszenia wypowiada s\u0142owa: B\u00f3g, Ojciec mi\u0142osierdzia, kt\u00f3ry pojedna\u0142 \u015bwiat ze sob\u0105 przez \u015bmier\u0107 i zmartwychwstanie swojego Syna, i zes\u0142a\u0142 Ducha \u015awi\u0119tego na odpuszczenie grzech\u00f3w, niech ci udzieli przebaczenia i pokoju przez pos\u0142ug\u0119 Ko\u015bcio\u0142a. I ja odpuszczam Tobie grzechy w imi\u0119 Ojca i Syna, i Ducha \u015awi\u0119tego. <br \/>Serce Jezusa jest dla nas \u017ar\u00f3d\u0142em przebaczenia i pokoju. B\u00f3g upodoba\u0142 sobie cz\u0142owieka i chce nas ci\u0105gle obmywa\u0107 we Krwi Chrystusa. Grzechem si\u0119 brzydzi, a grzesznika mi\u0142uje.<\/span><\/h5><h5><span style=\"font-weight: normal;\"><b>Marek:<\/b><br \/>\u201eInwazja grzechu\u201d sta\u0142a si\u0119 niezwykle powszechna w wymiarze spo\u0142ecznym i kulturowym. <br \/>\u0141atwo oburzamy si\u0119 na publiczne skandale, trudniej zobaczy\u0107 podobne zachowania w nas samych.<br \/>Pomimo tego, B\u00f3g zawsze pierwszy wyci\u0105ga do nas r\u0119k\u0119 i nigdy si\u0119 tym nie zm\u0119czy. <br \/>Jest bowiem Boskim lekarzem, kt\u00f3ry sam sta\u0142 si\u0119 lekarstwem dla swojego pacjenta! <br \/>Gdyby ko\u015bcielne mury mog\u0142y m\u00f3wi\u0107, a konfesjona\u0142y \u015bpiewa\u0107, s\u0142yszeliby\u015bmy hymny o ma\u0142\u017ce\u0144stwach, kt\u00f3re nawet u kresu si\u0142 wraca\u0142y z sercami pe\u0142nymi nadziei na nowe \u017cycie.<br \/>Dwa serca &#8211; bij\u0105ce odt\u0105d w rytmie wzajemnej mi\u0142o\u015bci i po\u015bwi\u0119cenia.<br \/>Czy wiem jak\u0105 cen\u0119 zap\u0142aci\u0142 B\u00f3g za m\u00f3j duchowy detoks?<\/span><\/h5><h5><span style=\"font-weight: normal;\"><b>\u015aw. Ma\u0142gorzata Alacoque<\/b>: M\u00f3j Boski Zbawiciel zabroni\u0142 mi os\u0105dzania, oskar\u017cania i pot\u0119piania kogokolwiek, pr\u00f3cz siebie samej. Udzieli\u0142 mi jeszcze wielu poucze\u0144, a gdy zdziwi\u0142a mnie ich mnogo\u015b\u0107, kaza\u0142 mi si\u0119 wyzby\u0107 niepokoju, dlatego \u017ce przecie\u017c On jest dobrym Nauczycielem, wystarczaj\u0105co mocnym, by sprawi\u0107, \u017ceby Jego nauki by\u0142y wprowadzone w czyn.<\/span><\/h5><h5><span style=\"font-weight: normal;\"><b>\u015aw. Faustyna Kowalska:<\/b> O Jezu, kiedy rozwa\u017cam t\u0119 wielk\u0105 cen\u0119 krwi Twojej, ciesz\u0119 si\u0119 z jej wielko\u015bci, bo jedna kropla wystarczy\u0142aby za wszystkich grzesznik\u00f3w. Chocia\u017c grzech jest przepa\u015bci\u0105 z\u0142o\u015bci i niewdzi\u0119czno\u015bci, jednak cena jest po\u0142o\u017cona za nas nigdy niepor\u00f3wnana. Dlatego niech ufa dusza wszelka w m\u0119ce Pana, niech ma w mi\u0142osierdziu nadziej\u0119. B\u00f3g nikomu mi\u0142osierdzia swego nie odm\u00f3wi. (Dz 72)<\/span><\/h5><h5><span style=\"font-weight: normal;\"><i>Zadanie rekolekcyjne:<\/i><br \/>Odm\u00f3w litani\u0119 do Naj\u015bwi\u0119tszego Serca Jezusa.<\/span><\/h5><h5><span style=\"font-weight: normal;\"><i>\u0106wiczenie dodatkowe: <\/i><br \/>Zach\u0119\u0107 jedn\u0105 osob\u0119 do pojednania z Bogiem w sakramencie pokuty. (poprzed\u017a zach\u0119t\u0119 modlitw\u0105:))<\/span><\/h5>\t\t\t\t\t<\/div>\n\t\t\t\t\t\t<\/div>\n\t\t\t\t<\/div>\n\t\t\t\t<div class=\"elementor-element elementor-element-0bc1a8a elementor-invisible elementor-widget elementor-widget-text-editor\" data-id=\"0bc1a8a\" data-element_type=\"widget\" data-settings=\"{&quot;_animation&quot;:&quot;pulse&quot;}\" data-widget_type=\"text-editor.default\">\n\t\t\t\t<div class=\"elementor-widget-container\">\n\t\t\t\t\t\t\t\t<div class=\"elementor-text-editor elementor-clearfix\">\n\t\t\t\t<h3><a href=\"http:\/\/dwaserca.eu\/wp-content\/uploads\/2020\/05\/DWA-SERCA-_-dzie\u0144-16-ost.pdf\">DWA SERCA rozwa\u017cania 16. dzie\u0144 DO WYDRUKU<\/a><\/h3>\t\t\t\t\t<\/div>\n\t\t\t\t\t\t<\/div>\n\t\t\t\t<\/div>\n\t\t\t\t<div class=\"elementor-element elementor-element-12aa35f elementor-widget elementor-widget-video\" data-id=\"12aa35f\" data-element_type=\"widget\" data-settings=\"{&quot;youtube_url&quot;:&quot;https:\\\/\\\/www.youtube.com\\\/watch?v=jdVUPijXFzA&quot;,&quot;video_type&quot;:&quot;youtube&quot;,&quot;controls&quot;:&quot;yes&quot;}\" data-widget_type=\"video.default\">\n\t\t\t\t<div class=\"elementor-widget-container\">\n\t\t\t\t\t<div class=\"elementor-wrapper elementor-open-inline\">\n\t\t\t<div class=\"elementor-video\"><\/div>\t\t<\/div>\n\t\t\t\t<\/div>\n\t\t\t\t<\/div>\n\t\t\t\t\t\t<\/div>\n\t\t\t\t\t<\/div>\n\t\t<\/div>\n\t\t\t\t\t\t\t\t<\/div>\n\t\t\t\t\t<\/div>\n\t\t<\/section>\n\t\t\t\t\t\t\t\t\t<\/div>\n\t\t\t<\/div>\n\t\t\t\t\t<\/div>\n\t\t","protected":false},"excerpt":{"rendered":"<p>16. Dzie\u0144 Serce Jezusa, w kt\u00f3rym sobie Ojciec bardzo upodoba\u0142, zmi\u0142uj si\u0119 nad nami. S\u0142owo \u017bycia:\u201eWtedy Matka Jego powiedzia\u0142a do s\u0142ug: \u00abZr\u00f3bcie wszystko, cokolwiek wam powie\u00bb.\u201d (J 2, 5) Ks. Mateusz: W Sercu Jezusa uwielbiamy mi\u0142o\u015b\u0107 Tr\u00f3jcy Przenaj\u015bwi\u0119tszej wobec ka\u017cdego cz\u0142owieka.Kap\u0142an udzielaj\u0105c nam rozgrzeszenia wypowiada s\u0142owa: B\u00f3g, Ojciec mi\u0142osierdzia, kt\u00f3ry pojedna\u0142 \u015bwiat ze sob\u0105 przez &hellip;<\/p>\n<p class=\"read-more\"> <a class=\"\" href=\"https:\/\/dwaserca.eu\/?page_id=2129\"> <span class=\"screen-reader-text\">16. Dzie\u0144<\/span> Read More &raquo;<\/a><\/p>\n","protected":false},"author":1,"featured_media":0,"parent":0,"menu_order":0,"comment_status":"closed","ping_status":"closed","template":"","meta":{"site-sidebar-layout":"no-sidebar","site-content-layout":"page-builder","ast-global-header-display":"","ast-main-header-display":"","ast-hfb-above-header-display":"","ast-hfb-below-header-display":"","ast-hfb-mobile-header-display":"","site-post-title":"disabled","ast-breadcrumbs-content":"","ast-featured-img":"disabled","footer-sml-layout":"","theme-transparent-header-meta":"default","adv-header-id-meta":"","stick-header-meta":"","header-above-stick-meta":"","header-main-stick-meta":"","header-below-stick-meta":""},"yoast_head":"<!-- This site is optimized with the Yoast SEO plugin v20.1 - https:\/\/yoast.com\/wordpress\/plugins\/seo\/ -->\n<title>16. Dzie\u0144 - dwaserca.eu<\/title>\n<meta name=\"robots\" content=\"index, follow, max-snippet:-1, max-image-preview:large, max-video-preview:-1\" \/>\n<link rel=\"canonical\" href=\"https:\/\/dwaserca.eu\/?page_id=2129\" \/>\n<meta property=\"og:locale\" content=\"pl_PL\" \/>\n<meta property=\"og:type\" content=\"article\" \/>\n<meta property=\"og:title\" content=\"16. Dzie\u0144 - dwaserca.eu\" \/>\n<meta property=\"og:description\" content=\"16. Dzie\u0144 Serce Jezusa, w kt\u00f3rym sobie Ojciec bardzo upodoba\u0142, zmi\u0142uj si\u0119 nad nami. S\u0142owo \u017bycia:\u201eWtedy Matka Jego powiedzia\u0142a do s\u0142ug: \u00abZr\u00f3bcie wszystko, cokolwiek wam powie\u00bb.\u201d (J 2, 5) Ks. Mateusz: W Sercu Jezusa uwielbiamy mi\u0142o\u015b\u0107 Tr\u00f3jcy Przenaj\u015bwi\u0119tszej wobec ka\u017cdego cz\u0142owieka.Kap\u0142an udzielaj\u0105c nam rozgrzeszenia wypowiada s\u0142owa: B\u00f3g, Ojciec mi\u0142osierdzia, kt\u00f3ry pojedna\u0142 \u015bwiat ze sob\u0105 przez &hellip; 16. Dzie\u0144 Read More &raquo;\" \/>\n<meta property=\"og:url\" content=\"https:\/\/dwaserca.eu\/?page_id=2129\" \/>\n<meta property=\"og:site_name\" content=\"dwaserca.eu\" \/>\n<meta property=\"article:modified_time\" content=\"2021-05-01T12:06:46+00:00\" \/>\n<meta name=\"twitter:card\" content=\"summary_large_image\" \/>\n<meta name=\"twitter:label1\" content=\"Szacowany czas czytania\" \/>\n\t<meta name=\"twitter:data1\" content=\"2 minuty\" \/>\n<script type=\"application\/ld+json\" class=\"yoast-schema-graph\">{\"@context\":\"https:\/\/schema.org\",\"@graph\":[{\"@type\":\"WebPage\",\"@id\":\"https:\/\/dwaserca.eu\/?page_id=2129\",\"url\":\"https:\/\/dwaserca.eu\/?page_id=2129\",\"name\":\"16. Dzie\u0144 - dwaserca.eu\",\"isPartOf\":{\"@id\":\"https:\/\/dwaserca.eu\/#website\"},\"datePublished\":\"2020-05-19T08:31:53+00:00\",\"dateModified\":\"2021-05-01T12:06:46+00:00\",\"breadcrumb\":{\"@id\":\"https:\/\/dwaserca.eu\/?page_id=2129#breadcrumb\"},\"inLanguage\":\"pl-PL\",\"potentialAction\":[{\"@type\":\"ReadAction\",\"target\":[\"https:\/\/dwaserca.eu\/?page_id=2129\"]}]},{\"@type\":\"BreadcrumbList\",\"@id\":\"https:\/\/dwaserca.eu\/?page_id=2129#breadcrumb\",\"itemListElement\":[{\"@type\":\"ListItem\",\"position\":1,\"name\":\"Strona g\u0142\u00f3wna\",\"item\":\"https:\/\/dwaserca.eu\/\"},{\"@type\":\"ListItem\",\"position\":2,\"name\":\"16. Dzie\u0144\"}]},{\"@type\":\"WebSite\",\"@id\":\"https:\/\/dwaserca.eu\/#website\",\"url\":\"https:\/\/dwaserca.eu\/\",\"name\":\"dwaserca.eu\",\"description\":\"33 bicia serca\",\"publisher\":{\"@id\":\"https:\/\/dwaserca.eu\/#organization\"},\"potentialAction\":[{\"@type\":\"SearchAction\",\"target\":{\"@type\":\"EntryPoint\",\"urlTemplate\":\"https:\/\/dwaserca.eu\/?s={search_term_string}\"},\"query-input\":\"required name=search_term_string\"}],\"inLanguage\":\"pl-PL\"},{\"@type\":\"Organization\",\"@id\":\"https:\/\/dwaserca.eu\/#organization\",\"name\":\"dwaserca.eu\",\"url\":\"https:\/\/dwaserca.eu\/\",\"logo\":{\"@type\":\"ImageObject\",\"inLanguage\":\"pl-PL\",\"@id\":\"https:\/\/dwaserca.eu\/#\/schema\/logo\/image\/\",\"url\":\"https:\/\/dwaserca.eu\/wp-content\/uploads\/2020\/05\/cropped-Dwaserca-2-1.png\",\"contentUrl\":\"https:\/\/dwaserca.eu\/wp-content\/uploads\/2020\/05\/cropped-Dwaserca-2-1.png\",\"width\":978,\"height\":446,\"caption\":\"dwaserca.eu\"},\"image\":{\"@id\":\"https:\/\/dwaserca.eu\/#\/schema\/logo\/image\/\"}}]}<\/script>\n<!-- \/ Yoast SEO plugin. -->","yoast_head_json":{"title":"16. Dzie\u0144 - dwaserca.eu","robots":{"index":"index","follow":"follow","max-snippet":"max-snippet:-1","max-image-preview":"max-image-preview:large","max-video-preview":"max-video-preview:-1"},"canonical":"https:\/\/dwaserca.eu\/?page_id=2129","og_locale":"pl_PL","og_type":"article","og_title":"16. Dzie\u0144 - dwaserca.eu","og_description":"16. Dzie\u0144 Serce Jezusa, w kt\u00f3rym sobie Ojciec bardzo upodoba\u0142, zmi\u0142uj si\u0119 nad nami. S\u0142owo \u017bycia:\u201eWtedy Matka Jego powiedzia\u0142a do s\u0142ug: \u00abZr\u00f3bcie wszystko, cokolwiek wam powie\u00bb.\u201d (J 2, 5) Ks. Mateusz: W Sercu Jezusa uwielbiamy mi\u0142o\u015b\u0107 Tr\u00f3jcy Przenaj\u015bwi\u0119tszej wobec ka\u017cdego cz\u0142owieka.Kap\u0142an udzielaj\u0105c nam rozgrzeszenia wypowiada s\u0142owa: B\u00f3g, Ojciec mi\u0142osierdzia, kt\u00f3ry pojedna\u0142 \u015bwiat ze sob\u0105 przez &hellip; 16. Dzie\u0144 Read More &raquo;","og_url":"https:\/\/dwaserca.eu\/?page_id=2129","og_site_name":"dwaserca.eu","article_modified_time":"2021-05-01T12:06:46+00:00","twitter_card":"summary_large_image","twitter_misc":{"Szacowany czas czytania":"2 minuty"},"schema":{"@context":"https:\/\/schema.org","@graph":[{"@type":"WebPage","@id":"https:\/\/dwaserca.eu\/?page_id=2129","url":"https:\/\/dwaserca.eu\/?page_id=2129","name":"16. Dzie\u0144 - dwaserca.eu","isPartOf":{"@id":"https:\/\/dwaserca.eu\/#website"},"datePublished":"2020-05-19T08:31:53+00:00","dateModified":"2021-05-01T12:06:46+00:00","breadcrumb":{"@id":"https:\/\/dwaserca.eu\/?page_id=2129#breadcrumb"},"inLanguage":"pl-PL","potentialAction":[{"@type":"ReadAction","target":["https:\/\/dwaserca.eu\/?page_id=2129"]}]},{"@type":"BreadcrumbList","@id":"https:\/\/dwaserca.eu\/?page_id=2129#breadcrumb","itemListElement":[{"@type":"ListItem","position":1,"name":"Strona g\u0142\u00f3wna","item":"https:\/\/dwaserca.eu\/"},{"@type":"ListItem","position":2,"name":"16. Dzie\u0144"}]},{"@type":"WebSite","@id":"https:\/\/dwaserca.eu\/#website","url":"https:\/\/dwaserca.eu\/","name":"dwaserca.eu","description":"33 bicia serca","publisher":{"@id":"https:\/\/dwaserca.eu\/#organization"},"potentialAction":[{"@type":"SearchAction","target":{"@type":"EntryPoint","urlTemplate":"https:\/\/dwaserca.eu\/?s={search_term_string}"},"query-input":"required name=search_term_string"}],"inLanguage":"pl-PL"},{"@type":"Organization","@id":"https:\/\/dwaserca.eu\/#organization","name":"dwaserca.eu","url":"https:\/\/dwaserca.eu\/","logo":{"@type":"ImageObject","inLanguage":"pl-PL","@id":"https:\/\/dwaserca.eu\/#\/schema\/logo\/image\/","url":"https:\/\/dwaserca.eu\/wp-content\/uploads\/2020\/05\/cropped-Dwaserca-2-1.png","contentUrl":"https:\/\/dwaserca.eu\/wp-content\/uploads\/2020\/05\/cropped-Dwaserca-2-1.png","width":978,"height":446,"caption":"dwaserca.eu"},"image":{"@id":"https:\/\/dwaserca.eu\/#\/schema\/logo\/image\/"}}]}},"_links":{"self":[{"href":"https:\/\/dwaserca.eu\/index.php?rest_route=\/wp\/v2\/pages\/2129"}],"collection":[{"href":"https:\/\/dwaserca.eu\/index.php?rest_route=\/wp\/v2\/pages"}],"about":[{"href":"https:\/\/dwaserca.eu\/index.php?rest_route=\/wp\/v2\/types\/page"}],"author":[{"embeddable":true,"href":"https:\/\/dwaserca.eu\/index.php?rest_route=\/wp\/v2\/users\/1"}],"replies":[{"embeddable":true,"href":"https:\/\/dwaserca.eu\/index.php?rest_route=%2Fwp%2Fv2%2Fcomments&post=2129"}],"version-history":[{"count":12,"href":"https:\/\/dwaserca.eu\/index.php?rest_route=\/wp\/v2\/pages\/2129\/revisions"}],"predecessor-version":[{"id":3094,"href":"https:\/\/dwaserca.eu\/index.php?rest_route=\/wp\/v2\/pages\/2129\/revisions\/3094"}],"wp:attachment":[{"href":"https:\/\/dwaserca.eu\/index.php?rest_route=%2Fwp%2Fv2%2Fmedia&parent=2129"}],"curies":[{"name":"wp","href":"https:\/\/api.w.org\/{rel}","templated":true}]}}