{"id":2135,"date":"2020-05-19T10:32:40","date_gmt":"2020-05-19T08:32:40","guid":{"rendered":"http:\/\/dwaserca.eu\/?page_id=2135"},"modified":"2021-05-01T14:08:40","modified_gmt":"2021-05-01T12:08:40","slug":"dzien-19","status":"publish","type":"page","link":"https:\/\/dwaserca.eu\/?page_id=2135","title":{"rendered":"19. Dzie\u0144"},"content":{"rendered":"\t\t<div data-elementor-type=\"wp-page\" data-elementor-id=\"2135\" class=\"elementor elementor-2135\">\n\t\t\t\t\t\t<div class=\"elementor-inner\">\n\t\t\t\t<div class=\"elementor-section-wrap\">\n\t\t\t\t\t\t\t\t\t<section class=\"elementor-section elementor-top-section elementor-element elementor-element-f7587bf elementor-section-boxed elementor-section-height-default elementor-section-height-default\" data-id=\"f7587bf\" data-element_type=\"section\">\n\t\t\t\t\t\t<div class=\"elementor-container elementor-column-gap-default\">\n\t\t\t\t\t\t\t<div class=\"elementor-row\">\n\t\t\t\t\t<div class=\"elementor-column elementor-col-100 elementor-top-column elementor-element elementor-element-7617325\" data-id=\"7617325\" data-element_type=\"column\">\n\t\t\t<div class=\"elementor-column-wrap elementor-element-populated\">\n\t\t\t\t\t\t\t<div class=\"elementor-widget-wrap\">\n\t\t\t\t\t\t<div class=\"elementor-element elementor-element-73f0273 elementor-widget elementor-widget-heading\" data-id=\"73f0273\" data-element_type=\"widget\" data-widget_type=\"heading.default\">\n\t\t\t\t<div class=\"elementor-widget-container\">\n\t\t\t<h2 class=\"elementor-heading-title elementor-size-default\">19. Dzie\u0144<\/h2>\t\t<\/div>\n\t\t\t\t<\/div>\n\t\t\t\t<div class=\"elementor-element elementor-element-ec88cd2 elementor-widget-divider--view-line elementor-widget elementor-widget-divider\" data-id=\"ec88cd2\" data-element_type=\"widget\" data-widget_type=\"divider.default\">\n\t\t\t\t<div class=\"elementor-widget-container\">\n\t\t\t\t\t<div class=\"elementor-divider\">\n\t\t\t<span class=\"elementor-divider-separator\">\n\t\t\t\t\t\t<\/span>\n\t\t<\/div>\n\t\t\t\t<\/div>\n\t\t\t\t<\/div>\n\t\t\t\t<div class=\"elementor-element elementor-element-39ecd91 elementor-invisible elementor-widget elementor-widget-text-editor\" data-id=\"39ecd91\" data-element_type=\"widget\" data-settings=\"{&quot;_animation&quot;:&quot;pulse&quot;}\" data-widget_type=\"text-editor.default\">\n\t\t\t\t<div class=\"elementor-widget-container\">\n\t\t\t\t\t\t\t\t<div class=\"elementor-text-editor elementor-clearfix\">\n\t\t\t\t<h5><span style=\"font-weight: normal;\"><em>Serce Jezusa, cierpliwe i wielkiego mi\u0142osierdzia, zmi\u0142uj si\u0119 nad nami.<\/em><\/span><\/h5>\t\t\t\t\t<\/div>\n\t\t\t\t\t\t<\/div>\n\t\t\t\t<\/div>\n\t\t\t\t<div class=\"elementor-element elementor-element-b96e771 elementor-widget elementor-widget-text-editor\" data-id=\"b96e771\" data-element_type=\"widget\" data-widget_type=\"text-editor.default\">\n\t\t\t\t<div class=\"elementor-widget-container\">\n\t\t\t\t\t\t\t\t<div class=\"elementor-text-editor elementor-clearfix\">\n\t\t\t\t<h5>S\u0142owo \u017bycia:<br \/><span style=\"font-weight: normal;\">\u201ePowt\u00f3rnie odszed\u0142 i tak si\u0119 modli\u0142: \u00abOjcze m\u00f3j, je\u015bli nie mo\u017ce omin\u0105\u0107 Mnie ten kielich i musz\u0119 go wypi\u0107, niech si\u0119 stanie wola Twoja!\u00bb\u201d (Mt 26, 42)<\/span><\/h5><h5>Ks. Mateusz:<\/h5><h5><span style=\"font-weight: normal;\">Ko\u015bci\u00f3\u0142 rodzi si\u0119 w modlitwie, w kt\u00f3rej Jezus oddaje si\u0119 Ojcu, a Ojciec wszystko przekazuje Synowi.<\/span><br \/><span style=\"font-weight: normal;\">Jeste\u015bmy wi\u0119c sta\u0142ym wsp\u00f3\u0142uczestnictwem w najintymniejszym, najserdeczniejszym akcie Jezusowego bytu: w dialogu z Ojcem, w zjednoczeniu z Nim, w komunii. Bo\u017cy Duch &#8211; kt\u00f3ry jest komuni\u0105 Ojca i Syna &#8211; czyni Ko\u015bci\u00f3\u0142 komuni\u0105. Dzi\u0119ki spowiedzi mo\u017cliwe jest nasze pojednanie z Ojcem, powr\u00f3t do komunii &#8211; jedno\u015bci z Bogiem i Ko\u015bcio\u0142em. B\u00f3g cierpliwie, stale na nowo chce obdarza\u0107 nas wielkim mi\u0142osierdziem. Zaprasza do najczulszego centrum: komunii Ojca, Syna i Ducha \u015awi\u0119tego.<\/span><\/h5><h5>Marek:<\/h5><h5><span style=\"font-weight: normal;\">Cud mi\u0142osierdzia sprawia, \u017ce re\u0328ce zaci\u015bni\u0119te w pi\u0119\u015bci do przemocy, mog\u0105 z\u0142o\u017cy\u0107 do szczerej modlitwy &#8211; Bo\u017ca cierpliwo\u015b\u0107 do grzesznika znalaz\u0142a bowiem pow\u00f3d do przebaczenia. <\/span><br \/><span style=\"font-weight: normal;\">Jednak cz\u0119sto jeste\u015bmy ignorantami takiego dzia\u0142ania Boga i \u0142atwo pot\u0119piamy. <\/span><br \/><span style=\"font-weight: normal;\">M\u00f3wimy: \u201eNie widz\u0119 najmniejszego usprawiedliwienia, przecie\u017c wiedzia\u0142, co czyni\u201d. <\/span><br \/><span style=\"font-weight: normal;\">Nikt z nas nie zobaczy jednak nigdy w pe\u0142ni serca drugiego cz\u0142owieka.<\/span><br \/><span style=\"font-weight: normal;\">Nasz Pan je widzi i dlatego wybacza &#8211; tak ma\u0142o bowiem my\u015bla\u0142 o sobie, z\u0307e umar\u0142 jak przest\u0119pca, aby przebaczy\u0107 tym, kt\u00f3rzy Go ukrzy\u017cowali. <\/span><br \/><span style=\"font-weight: normal;\">A jak bardzo ja potrzebuj\u0119 przebaczenia?<\/span><\/h5><h5><span style=\"font-weight: normal;\"><b>\u015aw. Ma\u0142gorzata Alacoque:<\/b> Pan powiedzia\u0142 do mnie: Ka\u017cdej nocy z czwartku na pi\u0105tek dam ci udzia\u0142 w trwodze konania, kt\u00f3r\u0105 dobrowolnie wzi\u0105\u0142em na siebie w Ogrodzie Oliwnym [\u2026] b\u0119dziesz czuwa\u0107 pomi\u0119dzy jedenast\u0105 godzin\u0105 a p\u00f3\u0142noc\u0105 [\u2026] b\u0119dziesz to czyni\u0107 zar\u00f3wno do u\u015bmierzenia gniewu bo\u017cego i uproszenia mi\u0142osierdzia dla grzeszk\u00f3w, jak i po to, by Mi nieco os\u0142odzi\u0107 gorycz, jakiej dozna\u0142em, gdy opu\u015bcili Mnie Aposto\u0142owie.<\/span><\/h5><h5><span style=\"font-weight: normal;\"><b>\u015aw. Faustyna Kowalska:<\/b> C\u00f3rko, kiedy przyst\u0119pujesz do spowiedzi \u015bwi\u0119tej, do tego \u017ar\u00f3d\u0142a mi\u0142osierdzia Mojego, zawsze sp\u0142ywa na twoj\u0105 dusz\u0119 Moja krew i woda, kt\u00f3ra wysz\u0142a z serca Mojego, i uszlachetnia tw\u0105 dusz\u0119. (Dz 1602)<\/span><\/h5><h5><i><span style=\"font-weight: normal;\">Zadanie rekolekcyjne:<\/span><\/i><br \/><span style=\"font-weight: normal;\">Odm\u00f3w litani\u0119 do Naj\u015bwi\u0119tszego Serca Jezusa.<\/span><\/h5><h5><i><span style=\"font-weight: normal;\">\u0106wiczenie dodatkowe: <\/span><\/i><br \/><span style=\"font-weight: normal;\">Przyjd\u017a do ko\u015bcio\u0142a lub prze\u017cyj w domu Godzin\u0119 \u015awi\u0119t\u0105.<\/span><\/h5>\t\t\t\t\t<\/div>\n\t\t\t\t\t\t<\/div>\n\t\t\t\t<\/div>\n\t\t\t\t<div class=\"elementor-element elementor-element-f470995 elementor-invisible elementor-widget elementor-widget-text-editor\" data-id=\"f470995\" data-element_type=\"widget\" data-settings=\"{&quot;_animation&quot;:&quot;pulse&quot;}\" data-widget_type=\"text-editor.default\">\n\t\t\t\t<div class=\"elementor-widget-container\">\n\t\t\t\t\t\t\t\t<div class=\"elementor-text-editor elementor-clearfix\">\n\t\t\t\t<h3><a href=\"http:\/\/dwaserca.eu\/wp-content\/uploads\/2020\/06\/DWA-SERCA-rozwa\u017cania-na-19.-dzie\u0144.pdf\">DWA SERCA rozwa\u017cania na 19. dzie\u0144 DO WYDRUKU<\/a><\/h3>\t\t\t\t\t<\/div>\n\t\t\t\t\t\t<\/div>\n\t\t\t\t<\/div>\n\t\t\t\t<div class=\"elementor-element elementor-element-74ab509 elementor-widget elementor-widget-video\" data-id=\"74ab509\" data-element_type=\"widget\" data-settings=\"{&quot;youtube_url&quot;:&quot;https:\\\/\\\/www.youtube.com\\\/watch?v=0RmjgJj82X4&quot;,&quot;video_type&quot;:&quot;youtube&quot;,&quot;controls&quot;:&quot;yes&quot;}\" data-widget_type=\"video.default\">\n\t\t\t\t<div class=\"elementor-widget-container\">\n\t\t\t\t\t<div class=\"elementor-wrapper elementor-open-inline\">\n\t\t\t<div class=\"elementor-video\"><\/div>\t\t<\/div>\n\t\t\t\t<\/div>\n\t\t\t\t<\/div>\n\t\t\t\t\t\t<\/div>\n\t\t\t\t\t<\/div>\n\t\t<\/div>\n\t\t\t\t\t\t\t\t<\/div>\n\t\t\t\t\t<\/div>\n\t\t<\/section>\n\t\t\t\t\t\t\t\t\t<\/div>\n\t\t\t<\/div>\n\t\t\t\t\t<\/div>\n\t\t","protected":false},"excerpt":{"rendered":"<p>19. Dzie\u0144 Serce Jezusa, cierpliwe i wielkiego mi\u0142osierdzia, zmi\u0142uj si\u0119 nad nami. S\u0142owo \u017bycia:\u201ePowt\u00f3rnie odszed\u0142 i tak si\u0119 modli\u0142: \u00abOjcze m\u00f3j, je\u015bli nie mo\u017ce omin\u0105\u0107 Mnie ten kielich i musz\u0119 go wypi\u0107, niech si\u0119 stanie wola Twoja!\u00bb\u201d (Mt 26, 42) Ks. Mateusz: Ko\u015bci\u00f3\u0142 rodzi si\u0119 w modlitwie, w kt\u00f3rej Jezus oddaje si\u0119 Ojcu, a Ojciec &hellip;<\/p>\n<p class=\"read-more\"> <a class=\"\" href=\"https:\/\/dwaserca.eu\/?page_id=2135\"> <span class=\"screen-reader-text\">19. Dzie\u0144<\/span> Read More &raquo;<\/a><\/p>\n","protected":false},"author":1,"featured_media":0,"parent":0,"menu_order":0,"comment_status":"closed","ping_status":"closed","template":"","meta":{"site-sidebar-layout":"no-sidebar","site-content-layout":"page-builder","ast-global-header-display":"","ast-main-header-display":"","ast-hfb-above-header-display":"","ast-hfb-below-header-display":"","ast-hfb-mobile-header-display":"","site-post-title":"disabled","ast-breadcrumbs-content":"","ast-featured-img":"disabled","footer-sml-layout":"","theme-transparent-header-meta":"default","adv-header-id-meta":"","stick-header-meta":"","header-above-stick-meta":"","header-main-stick-meta":"","header-below-stick-meta":""},"yoast_head":"<!-- This site is optimized with the Yoast SEO plugin v20.1 - https:\/\/yoast.com\/wordpress\/plugins\/seo\/ -->\n<title>19. Dzie\u0144 - dwaserca.eu<\/title>\n<meta name=\"robots\" content=\"index, follow, max-snippet:-1, max-image-preview:large, max-video-preview:-1\" \/>\n<link rel=\"canonical\" href=\"https:\/\/dwaserca.eu\/?page_id=2135\" \/>\n<meta property=\"og:locale\" content=\"pl_PL\" \/>\n<meta property=\"og:type\" content=\"article\" \/>\n<meta property=\"og:title\" content=\"19. Dzie\u0144 - dwaserca.eu\" \/>\n<meta property=\"og:description\" content=\"19. Dzie\u0144 Serce Jezusa, cierpliwe i wielkiego mi\u0142osierdzia, zmi\u0142uj si\u0119 nad nami. S\u0142owo \u017bycia:\u201ePowt\u00f3rnie odszed\u0142 i tak si\u0119 modli\u0142: \u00abOjcze m\u00f3j, je\u015bli nie mo\u017ce omin\u0105\u0107 Mnie ten kielich i musz\u0119 go wypi\u0107, niech si\u0119 stanie wola Twoja!\u00bb\u201d (Mt 26, 42) Ks. Mateusz: Ko\u015bci\u00f3\u0142 rodzi si\u0119 w modlitwie, w kt\u00f3rej Jezus oddaje si\u0119 Ojcu, a Ojciec &hellip; 19. Dzie\u0144 Read More &raquo;\" \/>\n<meta property=\"og:url\" content=\"https:\/\/dwaserca.eu\/?page_id=2135\" \/>\n<meta property=\"og:site_name\" content=\"dwaserca.eu\" \/>\n<meta property=\"article:modified_time\" content=\"2021-05-01T12:08:40+00:00\" \/>\n<meta name=\"twitter:card\" content=\"summary_large_image\" \/>\n<meta name=\"twitter:label1\" content=\"Szacowany czas czytania\" \/>\n\t<meta name=\"twitter:data1\" content=\"2 minuty\" \/>\n<script type=\"application\/ld+json\" class=\"yoast-schema-graph\">{\"@context\":\"https:\/\/schema.org\",\"@graph\":[{\"@type\":\"WebPage\",\"@id\":\"https:\/\/dwaserca.eu\/?page_id=2135\",\"url\":\"https:\/\/dwaserca.eu\/?page_id=2135\",\"name\":\"19. Dzie\u0144 - dwaserca.eu\",\"isPartOf\":{\"@id\":\"https:\/\/dwaserca.eu\/#website\"},\"datePublished\":\"2020-05-19T08:32:40+00:00\",\"dateModified\":\"2021-05-01T12:08:40+00:00\",\"breadcrumb\":{\"@id\":\"https:\/\/dwaserca.eu\/?page_id=2135#breadcrumb\"},\"inLanguage\":\"pl-PL\",\"potentialAction\":[{\"@type\":\"ReadAction\",\"target\":[\"https:\/\/dwaserca.eu\/?page_id=2135\"]}]},{\"@type\":\"BreadcrumbList\",\"@id\":\"https:\/\/dwaserca.eu\/?page_id=2135#breadcrumb\",\"itemListElement\":[{\"@type\":\"ListItem\",\"position\":1,\"name\":\"Strona g\u0142\u00f3wna\",\"item\":\"https:\/\/dwaserca.eu\/\"},{\"@type\":\"ListItem\",\"position\":2,\"name\":\"19. Dzie\u0144\"}]},{\"@type\":\"WebSite\",\"@id\":\"https:\/\/dwaserca.eu\/#website\",\"url\":\"https:\/\/dwaserca.eu\/\",\"name\":\"dwaserca.eu\",\"description\":\"33 bicia serca\",\"publisher\":{\"@id\":\"https:\/\/dwaserca.eu\/#organization\"},\"potentialAction\":[{\"@type\":\"SearchAction\",\"target\":{\"@type\":\"EntryPoint\",\"urlTemplate\":\"https:\/\/dwaserca.eu\/?s={search_term_string}\"},\"query-input\":\"required name=search_term_string\"}],\"inLanguage\":\"pl-PL\"},{\"@type\":\"Organization\",\"@id\":\"https:\/\/dwaserca.eu\/#organization\",\"name\":\"dwaserca.eu\",\"url\":\"https:\/\/dwaserca.eu\/\",\"logo\":{\"@type\":\"ImageObject\",\"inLanguage\":\"pl-PL\",\"@id\":\"https:\/\/dwaserca.eu\/#\/schema\/logo\/image\/\",\"url\":\"https:\/\/dwaserca.eu\/wp-content\/uploads\/2020\/05\/cropped-Dwaserca-2-1.png\",\"contentUrl\":\"https:\/\/dwaserca.eu\/wp-content\/uploads\/2020\/05\/cropped-Dwaserca-2-1.png\",\"width\":978,\"height\":446,\"caption\":\"dwaserca.eu\"},\"image\":{\"@id\":\"https:\/\/dwaserca.eu\/#\/schema\/logo\/image\/\"}}]}<\/script>\n<!-- \/ Yoast SEO plugin. -->","yoast_head_json":{"title":"19. Dzie\u0144 - dwaserca.eu","robots":{"index":"index","follow":"follow","max-snippet":"max-snippet:-1","max-image-preview":"max-image-preview:large","max-video-preview":"max-video-preview:-1"},"canonical":"https:\/\/dwaserca.eu\/?page_id=2135","og_locale":"pl_PL","og_type":"article","og_title":"19. Dzie\u0144 - dwaserca.eu","og_description":"19. Dzie\u0144 Serce Jezusa, cierpliwe i wielkiego mi\u0142osierdzia, zmi\u0142uj si\u0119 nad nami. S\u0142owo \u017bycia:\u201ePowt\u00f3rnie odszed\u0142 i tak si\u0119 modli\u0142: \u00abOjcze m\u00f3j, je\u015bli nie mo\u017ce omin\u0105\u0107 Mnie ten kielich i musz\u0119 go wypi\u0107, niech si\u0119 stanie wola Twoja!\u00bb\u201d (Mt 26, 42) Ks. Mateusz: Ko\u015bci\u00f3\u0142 rodzi si\u0119 w modlitwie, w kt\u00f3rej Jezus oddaje si\u0119 Ojcu, a Ojciec &hellip; 19. Dzie\u0144 Read More &raquo;","og_url":"https:\/\/dwaserca.eu\/?page_id=2135","og_site_name":"dwaserca.eu","article_modified_time":"2021-05-01T12:08:40+00:00","twitter_card":"summary_large_image","twitter_misc":{"Szacowany czas czytania":"2 minuty"},"schema":{"@context":"https:\/\/schema.org","@graph":[{"@type":"WebPage","@id":"https:\/\/dwaserca.eu\/?page_id=2135","url":"https:\/\/dwaserca.eu\/?page_id=2135","name":"19. Dzie\u0144 - dwaserca.eu","isPartOf":{"@id":"https:\/\/dwaserca.eu\/#website"},"datePublished":"2020-05-19T08:32:40+00:00","dateModified":"2021-05-01T12:08:40+00:00","breadcrumb":{"@id":"https:\/\/dwaserca.eu\/?page_id=2135#breadcrumb"},"inLanguage":"pl-PL","potentialAction":[{"@type":"ReadAction","target":["https:\/\/dwaserca.eu\/?page_id=2135"]}]},{"@type":"BreadcrumbList","@id":"https:\/\/dwaserca.eu\/?page_id=2135#breadcrumb","itemListElement":[{"@type":"ListItem","position":1,"name":"Strona g\u0142\u00f3wna","item":"https:\/\/dwaserca.eu\/"},{"@type":"ListItem","position":2,"name":"19. Dzie\u0144"}]},{"@type":"WebSite","@id":"https:\/\/dwaserca.eu\/#website","url":"https:\/\/dwaserca.eu\/","name":"dwaserca.eu","description":"33 bicia serca","publisher":{"@id":"https:\/\/dwaserca.eu\/#organization"},"potentialAction":[{"@type":"SearchAction","target":{"@type":"EntryPoint","urlTemplate":"https:\/\/dwaserca.eu\/?s={search_term_string}"},"query-input":"required name=search_term_string"}],"inLanguage":"pl-PL"},{"@type":"Organization","@id":"https:\/\/dwaserca.eu\/#organization","name":"dwaserca.eu","url":"https:\/\/dwaserca.eu\/","logo":{"@type":"ImageObject","inLanguage":"pl-PL","@id":"https:\/\/dwaserca.eu\/#\/schema\/logo\/image\/","url":"https:\/\/dwaserca.eu\/wp-content\/uploads\/2020\/05\/cropped-Dwaserca-2-1.png","contentUrl":"https:\/\/dwaserca.eu\/wp-content\/uploads\/2020\/05\/cropped-Dwaserca-2-1.png","width":978,"height":446,"caption":"dwaserca.eu"},"image":{"@id":"https:\/\/dwaserca.eu\/#\/schema\/logo\/image\/"}}]}},"_links":{"self":[{"href":"https:\/\/dwaserca.eu\/index.php?rest_route=\/wp\/v2\/pages\/2135"}],"collection":[{"href":"https:\/\/dwaserca.eu\/index.php?rest_route=\/wp\/v2\/pages"}],"about":[{"href":"https:\/\/dwaserca.eu\/index.php?rest_route=\/wp\/v2\/types\/page"}],"author":[{"embeddable":true,"href":"https:\/\/dwaserca.eu\/index.php?rest_route=\/wp\/v2\/users\/1"}],"replies":[{"embeddable":true,"href":"https:\/\/dwaserca.eu\/index.php?rest_route=%2Fwp%2Fv2%2Fcomments&post=2135"}],"version-history":[{"count":14,"href":"https:\/\/dwaserca.eu\/index.php?rest_route=\/wp\/v2\/pages\/2135\/revisions"}],"predecessor-version":[{"id":3103,"href":"https:\/\/dwaserca.eu\/index.php?rest_route=\/wp\/v2\/pages\/2135\/revisions\/3103"}],"wp:attachment":[{"href":"https:\/\/dwaserca.eu\/index.php?rest_route=%2Fwp%2Fv2%2Fmedia&parent=2135"}],"curies":[{"name":"wp","href":"https:\/\/api.w.org\/{rel}","templated":true}]}}