{"id":2143,"date":"2020-05-19T10:34:06","date_gmt":"2020-05-19T08:34:06","guid":{"rendered":"http:\/\/dwaserca.eu\/?page_id=2143"},"modified":"2021-05-01T14:12:28","modified_gmt":"2021-05-01T12:12:28","slug":"dzien-23-2","status":"publish","type":"page","link":"https:\/\/dwaserca.eu\/?page_id=2143","title":{"rendered":"24. Dzie\u0144"},"content":{"rendered":"\t\t<div data-elementor-type=\"wp-page\" data-elementor-id=\"2143\" class=\"elementor elementor-2143\">\n\t\t\t\t\t\t<div class=\"elementor-inner\">\n\t\t\t\t<div class=\"elementor-section-wrap\">\n\t\t\t\t\t\t\t\t\t<section class=\"elementor-section elementor-top-section elementor-element elementor-element-100baff elementor-section-boxed elementor-section-height-default elementor-section-height-default\" data-id=\"100baff\" data-element_type=\"section\">\n\t\t\t\t\t\t<div class=\"elementor-container elementor-column-gap-default\">\n\t\t\t\t\t\t\t<div class=\"elementor-row\">\n\t\t\t\t\t<div class=\"elementor-column elementor-col-100 elementor-top-column elementor-element elementor-element-b31da0b\" data-id=\"b31da0b\" data-element_type=\"column\">\n\t\t\t<div class=\"elementor-column-wrap elementor-element-populated\">\n\t\t\t\t\t\t\t<div class=\"elementor-widget-wrap\">\n\t\t\t\t\t\t<div class=\"elementor-element elementor-element-a2a6ba2 elementor-widget elementor-widget-heading\" data-id=\"a2a6ba2\" data-element_type=\"widget\" data-widget_type=\"heading.default\">\n\t\t\t\t<div class=\"elementor-widget-container\">\n\t\t\t<h2 class=\"elementor-heading-title elementor-size-default\">24. Dzie\u0144<\/h2>\t\t<\/div>\n\t\t\t\t<\/div>\n\t\t\t\t<div class=\"elementor-element elementor-element-8038810 elementor-widget-divider--view-line elementor-widget elementor-widget-divider\" data-id=\"8038810\" data-element_type=\"widget\" data-widget_type=\"divider.default\">\n\t\t\t\t<div class=\"elementor-widget-container\">\n\t\t\t\t\t<div class=\"elementor-divider\">\n\t\t\t<span class=\"elementor-divider-separator\">\n\t\t\t\t\t\t<\/span>\n\t\t<\/div>\n\t\t\t\t<\/div>\n\t\t\t\t<\/div>\n\t\t\t\t<div class=\"elementor-element elementor-element-9ff29f0 elementor-invisible elementor-widget elementor-widget-text-editor\" data-id=\"9ff29f0\" data-element_type=\"widget\" data-settings=\"{&quot;_animation&quot;:&quot;pulse&quot;}\" data-widget_type=\"text-editor.default\">\n\t\t\t\t<div class=\"elementor-widget-container\">\n\t\t\t\t\t\t\t\t<div class=\"elementor-text-editor elementor-clearfix\">\n\t\t\t\t<h5><span style=\"font-weight: normal;\"><em>Serce Jezusa, dla nieprawo\u015bci naszych starte, zmi\u0142uj si\u0119 nad nami.<\/em><\/span><\/h5>\t\t\t\t\t<\/div>\n\t\t\t\t\t\t<\/div>\n\t\t\t\t<\/div>\n\t\t\t\t<div class=\"elementor-element elementor-element-91de058 elementor-widget elementor-widget-text-editor\" data-id=\"91de058\" data-element_type=\"widget\" data-widget_type=\"text-editor.default\">\n\t\t\t\t<div class=\"elementor-widget-container\">\n\t\t\t\t\t\t\t\t<div class=\"elementor-text-editor elementor-clearfix\">\n\t\t\t\t<h5><span style=\"font-weight: normal;\"><b>S\u0142owo \u017bycia: <\/b><br \/>Wy jeste\u015bcie sol\u0105 ziemi. Lecz je\u015bli s\u00f3l utraci sw\u00f3j smak, czym\u017ce j\u0105 posoli\u0107? Na nic si\u0119 ju\u017c nie przyda, chyba na wyrzucenie i podeptanie przez ludzi. (Mt 6, 13-14)<br \/><br \/><b>Ks. Mateusz: <\/b><br \/>Rzeczywisto\u015b\u0107 ludzkiej nieprawo\u015bci, z\u0142a, niesprawiedliwo\u015bci, kt\u00f3re deformuj\u0105 \u015bwiat i jednocze\u015bnie zanieczyszczaj\u0105 obraz Boga jest czym\u015b realnym, spowodowanym nasz\u0105 win\u0105. Nie mo\u017cna jej po prostu zignorowa\u0107, trzeba jej stawi\u0107 czo\u0142o. B\u00f3g nie \u017c\u0105da jednak czyjej\u015b krwi, On daje swoj\u0105.<br \/>Sam B\u00f3g czyni siebie miejscem pojednania i w swoim Synu bierze na siebie cierpienie. Sam B\u00f3g ofiaruje \u015bwiatu w darze sw\u0105 niesko\u0144czon\u0105 czysto\u015b\u0107. Sam B\u00f3g \u00abpije kielich\u00bb ca\u0142ej potworno\u015bci i w ten spos\u00f3b przywraca prawo przez wielko\u015b\u0107 swej mi\u0142o\u015bci, kt\u00f3ra w cierpieniu przekszta\u0142ca ciemno\u015b\u0107<sup><i><b>.<\/b><\/i><\/sup><\/span><span style=\"font-weight: normal;\"><span style=\"font-weight: normal;\"><a style=\"mso-footnote-id: ftn1;\" title=\"\" href=\"#_ftn1\"><sup><span lang=\"EN-US\" style=\"font-size: 12.0pt; font-family: 'Times New Roman','serif'; mso-fareast-font-family: 'Arial Unicode MS'; mso-ansi-language: EN-US; mso-fareast-language: EN-US; mso-bidi-language: AR-SA;\"><span style=\"mso-special-character: footnote;\"><span style=\"mso-bidi-font-weight: normal;\"><sup><span lang=\"EN-US\" style=\"font-size: 12.0pt; font-family: 'Times New Roman','serif'; mso-fareast-font-family: 'Arial Unicode MS'; border: none; mso-ansi-language: EN-US; mso-fareast-language: EN-US; mso-bidi-language: AR-SA;\"><span style=\"font-weight: normal;\">[1]<\/span><\/span><\/sup><\/span><\/span><\/span><\/sup><\/a><\/span> <\/span><\/h5><div style=\"mso-element: footnote-list;\"><br clear=\"all\" \/><hr align=\"left\" size=\"1\" width=\"33%\" \/><div style=\"mso-element: footnote;\"><p><a style=\"mso-footnote-id: ftn1;\" title=\"\" href=\"#_ftnref1\"><sup><span style=\"font-family: 'Times New Roman','serif'; mso-fareast-font-family: 'Times New Roman';\"><span style=\"mso-special-character: footnote;\"><span style=\"mso-bidi-font-weight: normal;\"><sup><span style=\"font-size: 11.0pt; font-family: 'Times New Roman','serif'; mso-fareast-font-family: 'Times New Roman'; color: black; border: none; mso-style-textoutline-type: none; mso-style-textoutline-outlinestyle-dpiwidth: 0pt; mso-style-textoutline-outlinestyle-linecap: flat; mso-style-textoutline-outlinestyle-join: bevel; mso-style-textoutline-outlinestyle-pctmiterlimit: 0%; mso-style-textoutline-outlinestyle-dash: solid; mso-style-textoutline-outlinestyle-align: center; mso-style-textoutline-outlinestyle-compound: simple; mso-ansi-language: PL; mso-fareast-language: PL; mso-bidi-language: AR-SA;\">[1]<\/span><\/sup><\/span><\/span><\/span><\/sup><\/a><span lang=\"EN-US\" style=\"font-size: 9.0pt; font-family: 'Times New Roman','serif'; mso-bidi-font-family: 'Helvetica Neue'; mso-ansi-language: EN-US;\"> Por. J. Szymik, <\/span><i><span lang=\"PT\" style=\"font-size: 9.0pt; font-family: 'Times New Roman','serif'; mso-bidi-font-family: 'Helvetica Neue'; mso-ansi-language: PT;\">Theologia Benedicta<\/span><\/i><span lang=\"EN-US\" style=\"font-size: 9.0pt; font-family: 'Times New Roman','serif'; mso-bidi-font-family: 'Helvetica Neue'; mso-ansi-language: EN-US;\">, t. II, s. 49.<\/span><\/p><\/div><\/div><h5><span style=\"font-weight: normal;\"><b>Marek:<\/b><br \/>Brak soli w potrawach, w kt\u00f3rych si\u0119 jej spodziewamy wyczuwamy niemal natychmiast. <br \/>Podobnie nasza mi\u0142o\u015b\u0107, ginie poprzez ludzk\u0105 zazdro\u015b\u0107. <br \/>Chrystus tym, kt\u00f3rzy byli zazdro\u015bni o Jego mi\u0142osierdzie nad zaginiona\u0328 owca\u0328, ukaza\u0142 obraz anio\u0142\u00f3w, raduj\u0105cych si\u0119 bardziej z grzesznika czyni\u0105cego pokut\u0119 ni\u017c z dziewie\u0328\u0107dziesi\u0119ciu dziewi\u0119ciu \u201esprawiedliwych\u201d. <br \/>Zazdrosnych o bogactwo, przestrzega\u0142: \u201eNie gromad\u017ccie sobie skarb\u00f3w na ziemi, gdzie m\u00f3l i rdza niszcz\u0105\u00a0 i gdzie z\u0142odzieje w\u0142amuj\u0105 si\u0119 i kradn\u0105. (Mt 6, 19) Aposto\u0142om, kt\u00f3rzy byli zazdro\u015bni o w\u0142adze\u0328, pokaza\u0142 dziecko, kt\u00f3re otoczy\u0142 ramionami i przypomnia\u0142, z\u0307e niebo jest otwarte tylko dla tych, kt\u00f3rzy s\u0105 jak ma\u0142e i niewinne dzieci. Ile w moim sercu jest mi\u0142o\u015bci, a ile jeszcze zazdro\u015bci?<br \/><br \/><b>\u015aw. Ma\u0142gorzata Alacoque: <\/b><br \/>Kiedy\u015b gdy wszystkie by\u0142y\u015bmy zaj\u0119te przy czesaniu lnu, oddali\u0142am si\u0119 na male\u0144kie podw\u00f3rko w pobli\u017cu Naj\u015bwi\u0119tszego Sakramentu, wykonuj\u0105c dalej sw\u0105 prac\u0119 na kl\u0119czkach. Tu poczu\u0142am si\u0119 nagle g\u0142\u0119boko skupiona wewn\u0119trznie i zewn\u0119trznie, i r\u00f3wnocze\u015bnie zobaczy\u0142am najukocha\u0144sze Serce mojego najgodniejszego czci Jezusa, ja\u015bniej\u0105ce bardziej ni\u017c s\u0142o\u0144ce.<br \/><br \/><b>\u015aw. Faustyna Kowalska: <\/b><br \/>Odprawi\u0142am adoracj\u0119 od godziny jedenastej do godziny dwunastej. T\u0119 adoracj\u0119 odprawi\u0142am za nawr\u00f3cenie zatwardzia\u0142ych grzesznik\u00f3w, a szczeg\u00f3lnie za tych, kt\u00f3rzy stracili nadziej\u0119 w mi\u0142osierdzie Bo\u017ce. Rozwa\u017ca\u0142am, jak wiele B\u00f3g wycierpia\u0142 i jak wielk\u0105 nam okaza\u0142 mi\u0142o\u015b\u0107, a my nie wierzymy, \u017ce B\u00f3g nas tak mi\u0142uje. (Dz 319)<br \/><br \/><i>Zadanie rekolekcyjne:<\/i><br \/>Zarezerwuj czas na adoracj\u0119 Naj\u015bwi\u0119tszego Sakramentu.<br \/><br \/><i>\u0106wiczenie dodatkowe: <\/i><br \/>Odm\u00f3w litani\u0119 do Naj\u015bwi\u0119tszego Serca Pana Jezusa.<\/span><\/h5>\t\t\t\t\t<\/div>\n\t\t\t\t\t\t<\/div>\n\t\t\t\t<\/div>\n\t\t\t\t<div class=\"elementor-element elementor-element-cc13571 elementor-invisible elementor-widget elementor-widget-text-editor\" data-id=\"cc13571\" data-element_type=\"widget\" data-settings=\"{&quot;_animation&quot;:&quot;pulse&quot;}\" data-widget_type=\"text-editor.default\">\n\t\t\t\t<div class=\"elementor-widget-container\">\n\t\t\t\t\t\t\t\t<div class=\"elementor-text-editor elementor-clearfix\">\n\t\t\t\t<h3><a href=\"http:\/\/dwaserca.eu\/wp-content\/uploads\/2020\/06\/DWA-SERCA-rozwa\u017cania-24.-dzie\u0144.pdf\" target=\"_blank\" rel=\"noopener\">DWA SERCA rozwa\u017cania 24. dzie\u0144<\/a> DO WYDRUKU<\/h3>\t\t\t\t\t<\/div>\n\t\t\t\t\t\t<\/div>\n\t\t\t\t<\/div>\n\t\t\t\t<div class=\"elementor-element elementor-element-fa1f59a elementor-widget elementor-widget-video\" data-id=\"fa1f59a\" data-element_type=\"widget\" data-settings=\"{&quot;youtube_url&quot;:&quot;https:\\\/\\\/www.youtube.com\\\/watch?v=Wxk148NhrTc&quot;,&quot;video_type&quot;:&quot;youtube&quot;,&quot;controls&quot;:&quot;yes&quot;}\" data-widget_type=\"video.default\">\n\t\t\t\t<div class=\"elementor-widget-container\">\n\t\t\t\t\t<div class=\"elementor-wrapper elementor-open-inline\">\n\t\t\t<div class=\"elementor-video\"><\/div>\t\t<\/div>\n\t\t\t\t<\/div>\n\t\t\t\t<\/div>\n\t\t\t\t\t\t<\/div>\n\t\t\t\t\t<\/div>\n\t\t<\/div>\n\t\t\t\t\t\t\t\t<\/div>\n\t\t\t\t\t<\/div>\n\t\t<\/section>\n\t\t\t\t\t\t\t\t\t<\/div>\n\t\t\t<\/div>\n\t\t\t\t\t<\/div>\n\t\t","protected":false},"excerpt":{"rendered":"<p>24. Dzie\u0144 Serce Jezusa, dla nieprawo\u015bci naszych starte, zmi\u0142uj si\u0119 nad nami. S\u0142owo \u017bycia: Wy jeste\u015bcie sol\u0105 ziemi. Lecz je\u015bli s\u00f3l utraci sw\u00f3j smak, czym\u017ce j\u0105 posoli\u0107? Na nic si\u0119 ju\u017c nie przyda, chyba na wyrzucenie i podeptanie przez ludzi. (Mt 6, 13-14) Ks. Mateusz: Rzeczywisto\u015b\u0107 ludzkiej nieprawo\u015bci, z\u0142a, niesprawiedliwo\u015bci, kt\u00f3re deformuj\u0105 \u015bwiat i jednocze\u015bnie &hellip;<\/p>\n<p class=\"read-more\"> <a class=\"\" href=\"https:\/\/dwaserca.eu\/?page_id=2143\"> <span class=\"screen-reader-text\">24. Dzie\u0144<\/span> Read More &raquo;<\/a><\/p>\n","protected":false},"author":1,"featured_media":0,"parent":0,"menu_order":0,"comment_status":"closed","ping_status":"closed","template":"","meta":{"site-sidebar-layout":"no-sidebar","site-content-layout":"page-builder","ast-global-header-display":"","ast-main-header-display":"","ast-hfb-above-header-display":"","ast-hfb-below-header-display":"","ast-hfb-mobile-header-display":"","site-post-title":"disabled","ast-breadcrumbs-content":"","ast-featured-img":"disabled","footer-sml-layout":"","theme-transparent-header-meta":"default","adv-header-id-meta":"","stick-header-meta":"","header-above-stick-meta":"","header-main-stick-meta":"","header-below-stick-meta":""},"yoast_head":"<!-- This site is optimized with the Yoast SEO plugin v20.1 - https:\/\/yoast.com\/wordpress\/plugins\/seo\/ -->\n<title>24. Dzie\u0144 - dwaserca.eu<\/title>\n<meta name=\"robots\" content=\"index, follow, max-snippet:-1, max-image-preview:large, max-video-preview:-1\" \/>\n<link rel=\"canonical\" href=\"https:\/\/dwaserca.eu\/?page_id=2143\" \/>\n<meta property=\"og:locale\" content=\"pl_PL\" \/>\n<meta property=\"og:type\" content=\"article\" \/>\n<meta property=\"og:title\" content=\"24. Dzie\u0144 - dwaserca.eu\" \/>\n<meta property=\"og:description\" content=\"24. Dzie\u0144 Serce Jezusa, dla nieprawo\u015bci naszych starte, zmi\u0142uj si\u0119 nad nami. S\u0142owo \u017bycia: Wy jeste\u015bcie sol\u0105 ziemi. Lecz je\u015bli s\u00f3l utraci sw\u00f3j smak, czym\u017ce j\u0105 posoli\u0107? Na nic si\u0119 ju\u017c nie przyda, chyba na wyrzucenie i podeptanie przez ludzi. (Mt 6, 13-14) Ks. Mateusz: Rzeczywisto\u015b\u0107 ludzkiej nieprawo\u015bci, z\u0142a, niesprawiedliwo\u015bci, kt\u00f3re deformuj\u0105 \u015bwiat i jednocze\u015bnie &hellip; 24. Dzie\u0144 Read More &raquo;\" \/>\n<meta property=\"og:url\" content=\"https:\/\/dwaserca.eu\/?page_id=2143\" \/>\n<meta property=\"og:site_name\" content=\"dwaserca.eu\" \/>\n<meta property=\"article:modified_time\" content=\"2021-05-01T12:12:28+00:00\" \/>\n<meta name=\"twitter:card\" content=\"summary_large_image\" \/>\n<meta name=\"twitter:label1\" content=\"Szacowany czas czytania\" \/>\n\t<meta name=\"twitter:data1\" content=\"2 minuty\" \/>\n<script type=\"application\/ld+json\" class=\"yoast-schema-graph\">{\"@context\":\"https:\/\/schema.org\",\"@graph\":[{\"@type\":\"WebPage\",\"@id\":\"https:\/\/dwaserca.eu\/?page_id=2143\",\"url\":\"https:\/\/dwaserca.eu\/?page_id=2143\",\"name\":\"24. Dzie\u0144 - dwaserca.eu\",\"isPartOf\":{\"@id\":\"https:\/\/dwaserca.eu\/#website\"},\"datePublished\":\"2020-05-19T08:34:06+00:00\",\"dateModified\":\"2021-05-01T12:12:28+00:00\",\"breadcrumb\":{\"@id\":\"https:\/\/dwaserca.eu\/?page_id=2143#breadcrumb\"},\"inLanguage\":\"pl-PL\",\"potentialAction\":[{\"@type\":\"ReadAction\",\"target\":[\"https:\/\/dwaserca.eu\/?page_id=2143\"]}]},{\"@type\":\"BreadcrumbList\",\"@id\":\"https:\/\/dwaserca.eu\/?page_id=2143#breadcrumb\",\"itemListElement\":[{\"@type\":\"ListItem\",\"position\":1,\"name\":\"Strona g\u0142\u00f3wna\",\"item\":\"https:\/\/dwaserca.eu\/\"},{\"@type\":\"ListItem\",\"position\":2,\"name\":\"24. Dzie\u0144\"}]},{\"@type\":\"WebSite\",\"@id\":\"https:\/\/dwaserca.eu\/#website\",\"url\":\"https:\/\/dwaserca.eu\/\",\"name\":\"dwaserca.eu\",\"description\":\"33 bicia serca\",\"publisher\":{\"@id\":\"https:\/\/dwaserca.eu\/#organization\"},\"potentialAction\":[{\"@type\":\"SearchAction\",\"target\":{\"@type\":\"EntryPoint\",\"urlTemplate\":\"https:\/\/dwaserca.eu\/?s={search_term_string}\"},\"query-input\":\"required name=search_term_string\"}],\"inLanguage\":\"pl-PL\"},{\"@type\":\"Organization\",\"@id\":\"https:\/\/dwaserca.eu\/#organization\",\"name\":\"dwaserca.eu\",\"url\":\"https:\/\/dwaserca.eu\/\",\"logo\":{\"@type\":\"ImageObject\",\"inLanguage\":\"pl-PL\",\"@id\":\"https:\/\/dwaserca.eu\/#\/schema\/logo\/image\/\",\"url\":\"https:\/\/dwaserca.eu\/wp-content\/uploads\/2020\/05\/cropped-Dwaserca-2-1.png\",\"contentUrl\":\"https:\/\/dwaserca.eu\/wp-content\/uploads\/2020\/05\/cropped-Dwaserca-2-1.png\",\"width\":978,\"height\":446,\"caption\":\"dwaserca.eu\"},\"image\":{\"@id\":\"https:\/\/dwaserca.eu\/#\/schema\/logo\/image\/\"}}]}<\/script>\n<!-- \/ Yoast SEO plugin. -->","yoast_head_json":{"title":"24. Dzie\u0144 - dwaserca.eu","robots":{"index":"index","follow":"follow","max-snippet":"max-snippet:-1","max-image-preview":"max-image-preview:large","max-video-preview":"max-video-preview:-1"},"canonical":"https:\/\/dwaserca.eu\/?page_id=2143","og_locale":"pl_PL","og_type":"article","og_title":"24. Dzie\u0144 - dwaserca.eu","og_description":"24. Dzie\u0144 Serce Jezusa, dla nieprawo\u015bci naszych starte, zmi\u0142uj si\u0119 nad nami. S\u0142owo \u017bycia: Wy jeste\u015bcie sol\u0105 ziemi. Lecz je\u015bli s\u00f3l utraci sw\u00f3j smak, czym\u017ce j\u0105 posoli\u0107? Na nic si\u0119 ju\u017c nie przyda, chyba na wyrzucenie i podeptanie przez ludzi. (Mt 6, 13-14) Ks. Mateusz: Rzeczywisto\u015b\u0107 ludzkiej nieprawo\u015bci, z\u0142a, niesprawiedliwo\u015bci, kt\u00f3re deformuj\u0105 \u015bwiat i jednocze\u015bnie &hellip; 24. Dzie\u0144 Read More &raquo;","og_url":"https:\/\/dwaserca.eu\/?page_id=2143","og_site_name":"dwaserca.eu","article_modified_time":"2021-05-01T12:12:28+00:00","twitter_card":"summary_large_image","twitter_misc":{"Szacowany czas czytania":"2 minuty"},"schema":{"@context":"https:\/\/schema.org","@graph":[{"@type":"WebPage","@id":"https:\/\/dwaserca.eu\/?page_id=2143","url":"https:\/\/dwaserca.eu\/?page_id=2143","name":"24. Dzie\u0144 - dwaserca.eu","isPartOf":{"@id":"https:\/\/dwaserca.eu\/#website"},"datePublished":"2020-05-19T08:34:06+00:00","dateModified":"2021-05-01T12:12:28+00:00","breadcrumb":{"@id":"https:\/\/dwaserca.eu\/?page_id=2143#breadcrumb"},"inLanguage":"pl-PL","potentialAction":[{"@type":"ReadAction","target":["https:\/\/dwaserca.eu\/?page_id=2143"]}]},{"@type":"BreadcrumbList","@id":"https:\/\/dwaserca.eu\/?page_id=2143#breadcrumb","itemListElement":[{"@type":"ListItem","position":1,"name":"Strona g\u0142\u00f3wna","item":"https:\/\/dwaserca.eu\/"},{"@type":"ListItem","position":2,"name":"24. Dzie\u0144"}]},{"@type":"WebSite","@id":"https:\/\/dwaserca.eu\/#website","url":"https:\/\/dwaserca.eu\/","name":"dwaserca.eu","description":"33 bicia serca","publisher":{"@id":"https:\/\/dwaserca.eu\/#organization"},"potentialAction":[{"@type":"SearchAction","target":{"@type":"EntryPoint","urlTemplate":"https:\/\/dwaserca.eu\/?s={search_term_string}"},"query-input":"required name=search_term_string"}],"inLanguage":"pl-PL"},{"@type":"Organization","@id":"https:\/\/dwaserca.eu\/#organization","name":"dwaserca.eu","url":"https:\/\/dwaserca.eu\/","logo":{"@type":"ImageObject","inLanguage":"pl-PL","@id":"https:\/\/dwaserca.eu\/#\/schema\/logo\/image\/","url":"https:\/\/dwaserca.eu\/wp-content\/uploads\/2020\/05\/cropped-Dwaserca-2-1.png","contentUrl":"https:\/\/dwaserca.eu\/wp-content\/uploads\/2020\/05\/cropped-Dwaserca-2-1.png","width":978,"height":446,"caption":"dwaserca.eu"},"image":{"@id":"https:\/\/dwaserca.eu\/#\/schema\/logo\/image\/"}}]}},"_links":{"self":[{"href":"https:\/\/dwaserca.eu\/index.php?rest_route=\/wp\/v2\/pages\/2143"}],"collection":[{"href":"https:\/\/dwaserca.eu\/index.php?rest_route=\/wp\/v2\/pages"}],"about":[{"href":"https:\/\/dwaserca.eu\/index.php?rest_route=\/wp\/v2\/types\/page"}],"author":[{"embeddable":true,"href":"https:\/\/dwaserca.eu\/index.php?rest_route=\/wp\/v2\/users\/1"}],"replies":[{"embeddable":true,"href":"https:\/\/dwaserca.eu\/index.php?rest_route=%2Fwp%2Fv2%2Fcomments&post=2143"}],"version-history":[{"count":14,"href":"https:\/\/dwaserca.eu\/index.php?rest_route=\/wp\/v2\/pages\/2143\/revisions"}],"predecessor-version":[{"id":3121,"href":"https:\/\/dwaserca.eu\/index.php?rest_route=\/wp\/v2\/pages\/2143\/revisions\/3121"}],"wp:attachment":[{"href":"https:\/\/dwaserca.eu\/index.php?rest_route=%2Fwp%2Fv2%2Fmedia&parent=2143"}],"curies":[{"name":"wp","href":"https:\/\/api.w.org\/{rel}","templated":true}]}}